{"id":876,"date":"2017-04-11T14:49:09","date_gmt":"2017-04-11T14:49:09","guid":{"rendered":"https:\/\/wp.nkdev.info\/khaki\/?page_id=876"},"modified":"2024-08-15T20:12:40","modified_gmt":"2024-08-15T20:12:40","slug":"blog","status":"publish","type":"page","link":"https:\/\/velasteguiabogados.com\/en\/blog\/","title":{"rendered":"Blog"},"content":{"rendered":"<div class=\"wpb-content-wrapper\"><div class=\"vc_row wpb_row vc_row-fluid\"><div class=\"wpb_column vc_column_container vc_col-sm-12\"><div class=\"vc_column-inner\"><div class=\"wpb_wrapper\">        <div class=\"nk-blog-list\">                                                 <div id=\"post-2030\" class=\"nk-blog-post news-one post-2030 post type-post status-publish format-standard has-post-thumbnail hentry category-tributario\" style=\"margin-bottom:65px\">\n                                        <div class=\"row vertical-gap\">\n                        <div class=\"col-lg-5\"><a href=\"https:\/\/velasteguiabogados.com\/en\/la-tasa-aduanera\/\"><img decoding=\"async\" class=\"nk-img-stretch\" src=\"https:\/\/nuevo.velasteguiabogados.com\/wp-content\/uploads\/2024\/08\/Blog.jpg\" alt=\"Velastegui Abogados\"><\/a><\/div>                        <div class=\"col-lg-7\">\n                            <div class=\"nk-post-meta nk-post-meta-top pb-0\">\n                                <div class=\"nk-post-date nk-post-meta-right\">\n                                    August 15, 2024                                     <span class=\"nk-post-by\">by                                        <a href=\"https:\/\/velasteguiabogados.com\/en\/author\/dakar50\/\">\n                                            dakar50                                        <\/a>\n                                    <\/span>\n                                <\/div>\n                            <\/div>\n\n                                <div class=\"nk-post-category\">\n        In                     <a href=\"https:\/\/velasteguiabogados.com\/en\/category\/tributario\/\">Tributario<\/a>\n                        <\/div>\n\n                            <h2 class=\"nk-post-title\"><a href=\"https:\/\/velasteguiabogados.com\/en\/la-tasa-aduanera\/\" rel=\"bookmark\">The Customs Duty<\/a><\/h2>                                                                                        <div class=\"nk-post-text\">\n                                    This tax holds great importance due to the significant revenue it generates for the State, as it is originally a matter of pecuniary contribution of a public and mandatory nature\u2014in other words, a legal figure of a tax-based nature. Additionally, it serves as a means of customs control for imports...                                <\/div>\n                            \n                            <div class=\"nk-post-continue text-left\">\n                                <a href=\"https:\/\/velasteguiabogados.com\/en\/la-tasa-aduanera\/\" class=\"link-effect-4\">\n                                    Continue Reading                                    <span class=\"ion-ios-arrow-round-forward\"><\/span>\n                                <\/a>\n                            <\/div>\n                        <\/div>\n                    <\/div>\n                                    <\/div>\n                                        <\/div>\n\n        <div class=\"clearfix\"><\/div>\n                <div class=\"nk-gap-4\"><\/div>\n        <div class=\"nk-gap-3\"><\/div>\n        \n        <\/div><\/div><\/div><\/div>\n<\/div>","protected":false},"excerpt":{"rendered":"Este tributo tiene gran importancia en cuanto al ingreso econ\u00f3mico considerable que se recauda a favor del Estado al tratarse originariamente de un tema de prestaci\u00f3n pecuniaria de car\u00e1cter p\u00fablica y obligatoria, esto es una figura jur\u00eddica de naturaleza impositiva, y por otro lado, en un control aduanero de ingreso de mercanc\u00edas tangibles e intangibles [...]","protected":false},"author":1,"featured_media":1931,"parent":0,"menu_order":0,"comment_status":"closed","ping_status":"closed","template":"","meta":{"_acf_changed":false,"footnotes":""},"class_list":["post-876","page","type-page","status-publish","has-post-thumbnail","hentry"],"acf":[],"_links":{"self":[{"href":"https:\/\/velasteguiabogados.com\/en\/wp-json\/wp\/v2\/pages\/876"}],"collection":[{"href":"https:\/\/velasteguiabogados.com\/en\/wp-json\/wp\/v2\/pages"}],"about":[{"href":"https:\/\/velasteguiabogados.com\/en\/wp-json\/wp\/v2\/types\/page"}],"author":[{"embeddable":true,"href":"https:\/\/velasteguiabogados.com\/en\/wp-json\/wp\/v2\/users\/1"}],"replies":[{"embeddable":true,"href":"https:\/\/velasteguiabogados.com\/en\/wp-json\/wp\/v2\/comments?post=876"}],"version-history":[{"count":0,"href":"https:\/\/velasteguiabogados.com\/en\/wp-json\/wp\/v2\/pages\/876\/revisions"}],"wp:featuredmedia":[{"embeddable":true,"href":"https:\/\/velasteguiabogados.com\/en\/wp-json\/wp\/v2\/media\/1931"}],"wp:attachment":[{"href":"https:\/\/velasteguiabogados.com\/en\/wp-json\/wp\/v2\/media?parent=876"}],"curies":[{"name":"wp","href":"https:\/\/api.w.org\/{rel}","templated":true}]}}