{"id":2230,"date":"2025-06-19T16:12:13","date_gmt":"2025-06-19T16:12:13","guid":{"rendered":"https:\/\/velasteguiabogados.com\/?page_id=2230"},"modified":"2025-06-19T16:12:13","modified_gmt":"2025-06-19T16:12:13","slug":"ab-nicolas-lopez","status":"publish","type":"page","link":"https:\/\/velasteguiabogados.com\/en\/ab-nicolas-lopez\/","title":{"rendered":"Ab. Nicol\u00e1s L\u00f3pez"},"content":{"rendered":"<div class=\"wpb-content-wrapper\"><div class=\"vc_row wpb_row vc_row-fluid\"><div class=\"wpb_column vc_column_container vc_col-sm-6\"><div class=\"vc_column-inner\"><div class=\"wpb_wrapper\">\n\t<div  class=\"wpb_single_image wpb_content_element vc_align_left wpb_content_element\">\n\t\t\n\t\t<figure class=\"wpb_wrapper vc_figure\">\n\t\t\t<div class=\"vc_single_image-wrapper   vc_box_border_grey\"><img loading=\"lazy\" decoding=\"async\" width=\"2560\" height=\"1600\" src=\"https:\/\/velasteguiabogados.com\/wp-content\/uploads\/2024\/08\/Foto-Nicolas-scaled.jpg\" class=\"vc_single_image-img attachment-full\" alt=\"\" title=\"Foto Nicol\u00e1s\" srcset=\"https:\/\/velasteguiabogados.com\/wp-content\/uploads\/2024\/08\/Foto-Nicolas-scaled.jpg 2560w, https:\/\/velasteguiabogados.com\/wp-content\/uploads\/2024\/08\/Foto-Nicolas-300x188.jpg 300w, https:\/\/velasteguiabogados.com\/wp-content\/uploads\/2024\/08\/Foto-Nicolas-1024x640.jpg 1024w, https:\/\/velasteguiabogados.com\/wp-content\/uploads\/2024\/08\/Foto-Nicolas-768x480.jpg 768w, https:\/\/velasteguiabogados.com\/wp-content\/uploads\/2024\/08\/Foto-Nicolas-1536x960.jpg 1536w, https:\/\/velasteguiabogados.com\/wp-content\/uploads\/2024\/08\/Foto-Nicolas-2048x1280.jpg 2048w, https:\/\/velasteguiabogados.com\/wp-content\/uploads\/2024\/08\/Foto-Nicolas-500x313.jpg 500w, https:\/\/velasteguiabogados.com\/wp-content\/uploads\/2024\/08\/Foto-Nicolas-800x500.jpg 800w, https:\/\/velasteguiabogados.com\/wp-content\/uploads\/2024\/08\/Foto-Nicolas-1280x800.jpg 1280w, https:\/\/velasteguiabogados.com\/wp-content\/uploads\/2024\/08\/Foto-Nicolas-1920x1200.jpg 1920w, https:\/\/velasteguiabogados.com\/wp-content\/uploads\/2024\/08\/Foto-Nicolas-48x30.jpg 48w, https:\/\/velasteguiabogados.com\/wp-content\/uploads\/2024\/08\/Foto-Nicolas-90x56.jpg 90w, https:\/\/velasteguiabogados.com\/wp-content\/uploads\/2024\/08\/Foto-Nicolas-150x94.jpg 150w, https:\/\/velasteguiabogados.com\/wp-content\/uploads\/2024\/08\/Foto-Nicolas-200x125.jpg 200w, https:\/\/velasteguiabogados.com\/wp-content\/uploads\/2024\/08\/Foto-Nicolas-400x250.jpg 400w, https:\/\/velasteguiabogados.com\/wp-content\/uploads\/2024\/08\/Foto-Nicolas-600x375.jpg 600w, https:\/\/velasteguiabogados.com\/wp-content\/uploads\/2024\/08\/Foto-Nicolas-1400x875.jpg 1400w, https:\/\/velasteguiabogados.com\/wp-content\/uploads\/2024\/08\/Foto-Nicolas-1440x900.jpg 1440w, https:\/\/velasteguiabogados.com\/wp-content\/uploads\/2024\/08\/Foto-Nicolas-1600x1000.jpg 1600w\" sizes=\"(max-width: 2560px) 100vw, 2560px\" \/><\/div>\n\t\t<\/figure>\n\t<\/div>\n<\/div><\/div><\/div><div class=\"wpb_column vc_column_container vc_col-sm-6\"><div class=\"vc_column-inner\"><div class=\"wpb_wrapper\"><div class=\"\"><p data-start=\"0\" data-end=\"219\">Attorney Nicol\u00e1s L\u00f3pez Laspina is a Senior Associate and Team Leader at Vel\u00e1stegui Abogados. His practice specializes in Data Protection, Constitutional and Administrative Law, Litigation, and Legal Advisory.<\/p>\n<p data-start=\"221\" data-end=\"659\">Before joining the firm, he worked as Legal Assistant to Constitutional Judge Dr. Ramiro \u00c1vila Santamar\u00eda at the Constitutional Court of Ecuador. He also gained experience as a legal intern at the Free Legal Clinics of the Pontificia Universidad Cat\u00f3lica del Ecuador (PUCE), providing legal assistance to low-income individuals\u2014an experience that strengthened his commitment to human rights and social justice.<\/p>\n<p data-start=\"661\" data-end=\"1089\">He holds a Master\u2019s Degree in Data Protection Law from the University of La Rioja (Spain), a Law Degree from PUCE, and a Diploma in Data Protection and Regulatory Compliance from the Universidad Cat\u00f3lica de Cuenca, the Pontifical University of Salamanca, and the Ibero-American Institute of Justice. Additionally, he completed a continuing education program in Data Protection at the Ibero-American Institute of Law and Economics (IILE).<\/p>\n<p data-start=\"1091\" data-end=\"1251\" data-is-last-node=\"\" data-is-only-node=\"\">His specialized knowledge and comprehensive legal approach allow him to offer strategic and effective solutions in an ever-evolving regulatory environment.<\/p>\n<\/div><\/div><\/div><\/div><\/div>\n<\/div>","protected":false},"excerpt":{"rendered":"Ab. Nicol\u00e1s L\u00f3pez Laspina es Asociado Senior y L\u00edder de Equipo en Vel\u00e1stegui Abogados. Su pr\u00e1ctica se especializa en Protecci\u00f3n de Datos Personales, Derecho Constitucional y Administrativo, Litigios y Asesor\u00eda Jur\u00eddica. Antes de unirse al estudio, trabaj\u00f3 como Asistente Legal del Juez Constitucional Dr. Ramiro \u00c1vila Santamar\u00eda en la Corte Constitucional del Ecuador. Tambi\u00e9n adquiri\u00f3 [...]","protected":false},"author":1,"featured_media":1931,"parent":0,"menu_order":0,"comment_status":"closed","ping_status":"closed","template":"","meta":{"_acf_changed":false,"footnotes":""},"class_list":["post-2230","page","type-page","status-publish","has-post-thumbnail","hentry"],"acf":[],"_links":{"self":[{"href":"https:\/\/velasteguiabogados.com\/en\/wp-json\/wp\/v2\/pages\/2230"}],"collection":[{"href":"https:\/\/velasteguiabogados.com\/en\/wp-json\/wp\/v2\/pages"}],"about":[{"href":"https:\/\/velasteguiabogados.com\/en\/wp-json\/wp\/v2\/types\/page"}],"author":[{"embeddable":true,"href":"https:\/\/velasteguiabogados.com\/en\/wp-json\/wp\/v2\/users\/1"}],"replies":[{"embeddable":true,"href":"https:\/\/velasteguiabogados.com\/en\/wp-json\/wp\/v2\/comments?post=2230"}],"version-history":[{"count":0,"href":"https:\/\/velasteguiabogados.com\/en\/wp-json\/wp\/v2\/pages\/2230\/revisions"}],"wp:featuredmedia":[{"embeddable":true,"href":"https:\/\/velasteguiabogados.com\/en\/wp-json\/wp\/v2\/media\/1931"}],"wp:attachment":[{"href":"https:\/\/velasteguiabogados.com\/en\/wp-json\/wp\/v2\/media?parent=2230"}],"curies":[{"name":"wp","href":"https:\/\/api.w.org\/{rel}","templated":true}]}}