{"id":2222,"date":"2025-06-18T18:18:24","date_gmt":"2025-06-18T18:18:24","guid":{"rendered":"https:\/\/velasteguiabogados.com\/?page_id=2222"},"modified":"2025-06-25T15:50:59","modified_gmt":"2025-06-25T15:50:59","slug":"ab-esteban-proano-parra","status":"publish","type":"page","link":"https:\/\/velasteguiabogados.com\/en\/ab-esteban-proano-parra\/","title":{"rendered":"Ab. Esteban Proa\u00f1o Parra"},"content":{"rendered":"<div class=\"wpb-content-wrapper\"><div class=\"vc_row wpb_row vc_row-fluid\"><div class=\"wpb_column vc_column_container vc_col-sm-6\"><div class=\"vc_column-inner\"><div class=\"wpb_wrapper\">\n\t<div  class=\"wpb_single_image wpb_content_element vc_align_left wpb_content_element\">\n\t\t\n\t\t<figure class=\"wpb_wrapper vc_figure\">\n\t\t\t<div class=\"vc_single_image-wrapper   vc_box_border_grey\"><img loading=\"lazy\" decoding=\"async\" width=\"2220\" height=\"2560\" src=\"https:\/\/velasteguiabogados.com\/wp-content\/uploads\/2025\/06\/Foto-Esteban-proano.jpg\" class=\"vc_single_image-img attachment-full\" alt=\"\" title=\"Foto Esteban proano\" srcset=\"https:\/\/velasteguiabogados.com\/wp-content\/uploads\/2025\/06\/Foto-Esteban-proano.jpg 2220w, https:\/\/velasteguiabogados.com\/wp-content\/uploads\/2025\/06\/Foto-Esteban-proano-260x300.jpg 260w, https:\/\/velasteguiabogados.com\/wp-content\/uploads\/2025\/06\/Foto-Esteban-proano-888x1024.jpg 888w, https:\/\/velasteguiabogados.com\/wp-content\/uploads\/2025\/06\/Foto-Esteban-proano-768x886.jpg 768w, https:\/\/velasteguiabogados.com\/wp-content\/uploads\/2025\/06\/Foto-Esteban-proano-1332x1536.jpg 1332w, https:\/\/velasteguiabogados.com\/wp-content\/uploads\/2025\/06\/Foto-Esteban-proano-1776x2048.jpg 1776w, https:\/\/velasteguiabogados.com\/wp-content\/uploads\/2025\/06\/Foto-Esteban-proano-500x577.jpg 500w, https:\/\/velasteguiabogados.com\/wp-content\/uploads\/2025\/06\/Foto-Esteban-proano-800x923.jpg 800w, https:\/\/velasteguiabogados.com\/wp-content\/uploads\/2025\/06\/Foto-Esteban-proano-1280x1476.jpg 1280w, https:\/\/velasteguiabogados.com\/wp-content\/uploads\/2025\/06\/Foto-Esteban-proano-1920x2214.jpg 1920w, https:\/\/velasteguiabogados.com\/wp-content\/uploads\/2025\/06\/Foto-Esteban-proano-48x55.jpg 48w, https:\/\/velasteguiabogados.com\/wp-content\/uploads\/2025\/06\/Foto-Esteban-proano-90x104.jpg 90w, https:\/\/velasteguiabogados.com\/wp-content\/uploads\/2025\/06\/Foto-Esteban-proano-150x173.jpg 150w, https:\/\/velasteguiabogados.com\/wp-content\/uploads\/2025\/06\/Foto-Esteban-proano-200x231.jpg 200w, https:\/\/velasteguiabogados.com\/wp-content\/uploads\/2025\/06\/Foto-Esteban-proano-300x346.jpg 300w, https:\/\/velasteguiabogados.com\/wp-content\/uploads\/2025\/06\/Foto-Esteban-proano-400x461.jpg 400w, https:\/\/velasteguiabogados.com\/wp-content\/uploads\/2025\/06\/Foto-Esteban-proano-600x692.jpg 600w, https:\/\/velasteguiabogados.com\/wp-content\/uploads\/2025\/06\/Foto-Esteban-proano-1400x1614.jpg 1400w, https:\/\/velasteguiabogados.com\/wp-content\/uploads\/2025\/06\/Foto-Esteban-proano-1440x1661.jpg 1440w, https:\/\/velasteguiabogados.com\/wp-content\/uploads\/2025\/06\/Foto-Esteban-proano-1600x1845.jpg 1600w\" sizes=\"(max-width: 2220px) 100vw, 2220px\" \/><\/div>\n\t\t<\/figure>\n\t<\/div>\n<\/div><\/div><\/div><div class=\"wpb_column vc_column_container vc_col-sm-6\"><div class=\"vc_column-inner\"><div class=\"wpb_wrapper\"><div class=\"\"><p align=\"justify\">Associate at Vel\u00e1stegui Abogados, specializing in Information and Communication Technology (ICT) Law, Personal Data Protection, and Intellectual Property. His profile is defined by a solid academic background and ongoing training in both legal and technological matters.<\/p>\n<p class=\"s3\"><span class=\"s6\">He holds a Law Degree from Universidad de las Am\u00e9ricas and a Master\u2019s Degree in ICT Law, Social Media, and Intellectual Property from Esade. <\/span><span class=\"s6\">Law<\/span> <span class=\"s6\">School<\/span><span class=\"s6\"> (Barcelona). He complements his education with diplomas in <\/span><span class=\"s6\">Legaltech<\/span><span class=\"s6\"> (UEES), Personal Data Protection (USFQ), and Management Skills for Lawyers (ESADE), in addition to courses in criminal behavior and digital legal tools.<\/span><\/p>\n<p class=\"s3\"><span class=\"s6\">In the area of Personal Data Protection, he advises on the adaptation of privacy policies, legal audits, and regulatory compliance strategies, with an approach based on the highest national and international legal standards.<\/span><\/p>\n<p class=\"s3\"><span class=\"s6\">In Intellectual Property, he provides support in the registration, defense, and management of rights over trademarks, patents, works, and software, with a strategic vision focused on the technology and digital sectors.<\/span><\/p>\n<p class=\"s3\"><span class=\"s6\">His professional experience includes roles in national and international firms such as BM Abogados and BDO Spain, as well as positions in the public sector as a judicial assistant at the Provincial Court of Justice of Pichincha. His proactive and interdisciplinary approach makes him a lawyer committed to innovation and legal excellence.<\/span><\/p>\n<\/div><\/div><\/div><\/div><\/div>\n<\/div>","protected":false},"excerpt":{"rendered":"Asociado en Vel\u00e1stegui Abogados y se especializa en Derecho de las Tecnolog\u00edas de la Informaci\u00f3n y Comunicaci\u00f3n (TIC), Protecci\u00f3n de Datos Personales y Propiedad Intelectual. Su perfil se caracteriza por una s\u00f3lida formaci\u00f3n acad\u00e9mica y una constante actualizaci\u00f3n en temas jur\u00eddicos y tecnol\u00f3gicos. Es Abogado por la Universidad de las Am\u00e9ricas y cuenta con un [...]","protected":false},"author":1,"featured_media":1931,"parent":0,"menu_order":0,"comment_status":"closed","ping_status":"closed","template":"","meta":{"_acf_changed":false,"footnotes":""},"class_list":["post-2222","page","type-page","status-publish","has-post-thumbnail","hentry"],"acf":[],"_links":{"self":[{"href":"https:\/\/velasteguiabogados.com\/en\/wp-json\/wp\/v2\/pages\/2222"}],"collection":[{"href":"https:\/\/velasteguiabogados.com\/en\/wp-json\/wp\/v2\/pages"}],"about":[{"href":"https:\/\/velasteguiabogados.com\/en\/wp-json\/wp\/v2\/types\/page"}],"author":[{"embeddable":true,"href":"https:\/\/velasteguiabogados.com\/en\/wp-json\/wp\/v2\/users\/1"}],"replies":[{"embeddable":true,"href":"https:\/\/velasteguiabogados.com\/en\/wp-json\/wp\/v2\/comments?post=2222"}],"version-history":[{"count":0,"href":"https:\/\/velasteguiabogados.com\/en\/wp-json\/wp\/v2\/pages\/2222\/revisions"}],"wp:featuredmedia":[{"embeddable":true,"href":"https:\/\/velasteguiabogados.com\/en\/wp-json\/wp\/v2\/media\/1931"}],"wp:attachment":[{"href":"https:\/\/velasteguiabogados.com\/en\/wp-json\/wp\/v2\/media?parent=2222"}],"curies":[{"name":"wp","href":"https:\/\/api.w.org\/{rel}","templated":true}]}}