{"id":2195,"date":"2024-09-16T23:03:35","date_gmt":"2024-09-16T23:03:35","guid":{"rendered":"https:\/\/nuevo.velasteguiabogados.com\/?page_id=2195"},"modified":"2024-10-03T20:16:21","modified_gmt":"2024-10-03T20:16:21","slug":"karla-mora","status":"publish","type":"page","link":"https:\/\/velasteguiabogados.com\/en\/karla-mora\/","title":{"rendered":"Ab. Karla Mora Alb\u00e1n"},"content":{"rendered":"<div class=\"wpb-content-wrapper\"><div class=\"vc_row wpb_row vc_row-fluid\"><div class=\"wpb_column vc_column_container vc_col-sm-6\"><div class=\"vc_column-inner\"><div class=\"wpb_wrapper\">\n\t<div  class=\"wpb_single_image wpb_content_element vc_align_left wpb_content_element\">\n\t\t\n\t\t<figure class=\"wpb_wrapper vc_figure\">\n\t\t\t<div class=\"vc_single_image-wrapper   vc_box_border_grey\"><img loading=\"lazy\" decoding=\"async\" width=\"1600\" height=\"900\" src=\"https:\/\/velasteguiabogados.com\/wp-content\/uploads\/2024\/10\/Imagen-de-WhatsApp-2024-09-27-a-las-12.15.20_40bfc97e.jpg\" class=\"vc_single_image-img attachment-full\" alt=\"\" title=\"Imagen de WhatsApp 2024-09-27 a las 12.15.20_40bfc97e\" srcset=\"https:\/\/velasteguiabogados.com\/wp-content\/uploads\/2024\/10\/Imagen-de-WhatsApp-2024-09-27-a-las-12.15.20_40bfc97e.jpg 1600w, https:\/\/velasteguiabogados.com\/wp-content\/uploads\/2024\/10\/Imagen-de-WhatsApp-2024-09-27-a-las-12.15.20_40bfc97e-300x169.jpg 300w, https:\/\/velasteguiabogados.com\/wp-content\/uploads\/2024\/10\/Imagen-de-WhatsApp-2024-09-27-a-las-12.15.20_40bfc97e-1024x576.jpg 1024w, https:\/\/velasteguiabogados.com\/wp-content\/uploads\/2024\/10\/Imagen-de-WhatsApp-2024-09-27-a-las-12.15.20_40bfc97e-768x432.jpg 768w, https:\/\/velasteguiabogados.com\/wp-content\/uploads\/2024\/10\/Imagen-de-WhatsApp-2024-09-27-a-las-12.15.20_40bfc97e-1536x864.jpg 1536w, https:\/\/velasteguiabogados.com\/wp-content\/uploads\/2024\/10\/Imagen-de-WhatsApp-2024-09-27-a-las-12.15.20_40bfc97e-500x281.jpg 500w, https:\/\/velasteguiabogados.com\/wp-content\/uploads\/2024\/10\/Imagen-de-WhatsApp-2024-09-27-a-las-12.15.20_40bfc97e-800x450.jpg 800w, https:\/\/velasteguiabogados.com\/wp-content\/uploads\/2024\/10\/Imagen-de-WhatsApp-2024-09-27-a-las-12.15.20_40bfc97e-1280x720.jpg 1280w, https:\/\/velasteguiabogados.com\/wp-content\/uploads\/2024\/10\/Imagen-de-WhatsApp-2024-09-27-a-las-12.15.20_40bfc97e-48x27.jpg 48w, https:\/\/velasteguiabogados.com\/wp-content\/uploads\/2024\/10\/Imagen-de-WhatsApp-2024-09-27-a-las-12.15.20_40bfc97e-90x51.jpg 90w, https:\/\/velasteguiabogados.com\/wp-content\/uploads\/2024\/10\/Imagen-de-WhatsApp-2024-09-27-a-las-12.15.20_40bfc97e-150x84.jpg 150w, https:\/\/velasteguiabogados.com\/wp-content\/uploads\/2024\/10\/Imagen-de-WhatsApp-2024-09-27-a-las-12.15.20_40bfc97e-200x113.jpg 200w, https:\/\/velasteguiabogados.com\/wp-content\/uploads\/2024\/10\/Imagen-de-WhatsApp-2024-09-27-a-las-12.15.20_40bfc97e-400x225.jpg 400w, https:\/\/velasteguiabogados.com\/wp-content\/uploads\/2024\/10\/Imagen-de-WhatsApp-2024-09-27-a-las-12.15.20_40bfc97e-600x338.jpg 600w, https:\/\/velasteguiabogados.com\/wp-content\/uploads\/2024\/10\/Imagen-de-WhatsApp-2024-09-27-a-las-12.15.20_40bfc97e-1400x788.jpg 1400w, https:\/\/velasteguiabogados.com\/wp-content\/uploads\/2024\/10\/Imagen-de-WhatsApp-2024-09-27-a-las-12.15.20_40bfc97e-1440x810.jpg 1440w\" sizes=\"(max-width: 1600px) 100vw, 1600px\" \/><\/div>\n\t\t<\/figure>\n\t<\/div>\n<\/div><\/div><\/div><div class=\"wpb_column vc_column_container vc_col-sm-6\"><div class=\"vc_column-inner\"><div class=\"wpb_wrapper\"><div class=\"\"><p style=\"text-align: justify;\">Graduated from the Universidad T\u00e9cnica Particular de Loja, where she earned the degree of Attorney of the Courts and Tribunals of the Republic. Her academic background has provided her with a solid foundation in various branches of law, preparing her to face complex legal challenges with a comprehensive perspective.<\/p>\n<p style=\"text-align: justify;\">General Manager at Vel\u00e1stegui Abogados Vlegal Cia. Ltda., where she successfully leads a team of legal professionals, managing cases and providing high-quality legal counsel, consolidating her reputation as an outstanding professional in the legal field.<\/p>\n<\/div><\/div><\/div><\/div><\/div>\n<\/div>","protected":false},"excerpt":{"rendered":"Graduada en la Universidad T\u00e9cnica Particular de Loja, donde obtuvo el t\u00edtulo de Abogada de los Tribunales y Juzgados de la Rep\u00fablica. Su formaci\u00f3n acad\u00e9mica le ha proporcionado una s\u00f3lida base en las diversas ramas del derecho, prepar\u00e1ndola para enfrentar desaf\u00edos legales complejos con una perspectiva integral. Gerente General en Vel\u00e1stegui Abogados Vlegal Cia. Ltda., [...]","protected":false},"author":1,"featured_media":1931,"parent":0,"menu_order":0,"comment_status":"closed","ping_status":"closed","template":"","meta":{"_acf_changed":false,"footnotes":""},"class_list":["post-2195","page","type-page","status-publish","has-post-thumbnail","hentry"],"acf":[],"_links":{"self":[{"href":"https:\/\/velasteguiabogados.com\/en\/wp-json\/wp\/v2\/pages\/2195"}],"collection":[{"href":"https:\/\/velasteguiabogados.com\/en\/wp-json\/wp\/v2\/pages"}],"about":[{"href":"https:\/\/velasteguiabogados.com\/en\/wp-json\/wp\/v2\/types\/page"}],"author":[{"embeddable":true,"href":"https:\/\/velasteguiabogados.com\/en\/wp-json\/wp\/v2\/users\/1"}],"replies":[{"embeddable":true,"href":"https:\/\/velasteguiabogados.com\/en\/wp-json\/wp\/v2\/comments?post=2195"}],"version-history":[{"count":0,"href":"https:\/\/velasteguiabogados.com\/en\/wp-json\/wp\/v2\/pages\/2195\/revisions"}],"wp:featuredmedia":[{"embeddable":true,"href":"https:\/\/velasteguiabogados.com\/en\/wp-json\/wp\/v2\/media\/1931"}],"wp:attachment":[{"href":"https:\/\/velasteguiabogados.com\/en\/wp-json\/wp\/v2\/media?parent=2195"}],"curies":[{"name":"wp","href":"https:\/\/api.w.org\/{rel}","templated":true}]}}