{"id":2063,"date":"2024-08-16T16:26:26","date_gmt":"2024-08-16T16:26:26","guid":{"rendered":"https:\/\/nuevo.velasteguiabogados.com\/?page_id=2063"},"modified":"2024-08-16T16:27:19","modified_gmt":"2024-08-16T16:27:19","slug":"derecho-tributario-municipal","status":"publish","type":"page","link":"https:\/\/velasteguiabogados.com\/en\/derecho-tributario-municipal\/","title":{"rendered":"Municipal Tax Law"},"content":{"rendered":"<div class=\"wpb-content-wrapper\"><div class=\"vc_row wpb_row vc_row-fluid\"><div class=\"wpb_column vc_column_container vc_col-sm-6\"><div class=\"vc_column-inner\"><div class=\"wpb_wrapper\">\n\t<div  class=\"wpb_single_image wpb_content_element vc_align_left wpb_content_element\">\n\t\t\n\t\t<figure class=\"wpb_wrapper vc_figure\">\n\t\t\t<div class=\"vc_single_image-wrapper   vc_box_border_grey\"><img loading=\"lazy\" decoding=\"async\" width=\"825\" height=\"550\" src=\"https:\/\/velasteguiabogados.com\/wp-content\/uploads\/2024\/08\/Derecho-Tributario-Municipal.jpg\" class=\"vc_single_image-img attachment-full\" alt=\"\" title=\"Municipal Tax Law\" srcset=\"https:\/\/velasteguiabogados.com\/wp-content\/uploads\/2024\/08\/Derecho-Tributario-Municipal.jpg 825w, https:\/\/velasteguiabogados.com\/wp-content\/uploads\/2024\/08\/Derecho-Tributario-Municipal-300x200.jpg 300w, https:\/\/velasteguiabogados.com\/wp-content\/uploads\/2024\/08\/Derecho-Tributario-Municipal-768x512.jpg 768w, https:\/\/velasteguiabogados.com\/wp-content\/uploads\/2024\/08\/Derecho-Tributario-Municipal-500x333.jpg 500w, https:\/\/velasteguiabogados.com\/wp-content\/uploads\/2024\/08\/Derecho-Tributario-Municipal-800x533.jpg 800w, https:\/\/velasteguiabogados.com\/wp-content\/uploads\/2024\/08\/Derecho-Tributario-Municipal-48x32.jpg 48w, https:\/\/velasteguiabogados.com\/wp-content\/uploads\/2024\/08\/Derecho-Tributario-Municipal-90x60.jpg 90w, https:\/\/velasteguiabogados.com\/wp-content\/uploads\/2024\/08\/Derecho-Tributario-Municipal-150x100.jpg 150w, https:\/\/velasteguiabogados.com\/wp-content\/uploads\/2024\/08\/Derecho-Tributario-Municipal-200x133.jpg 200w, https:\/\/velasteguiabogados.com\/wp-content\/uploads\/2024\/08\/Derecho-Tributario-Municipal-400x267.jpg 400w, https:\/\/velasteguiabogados.com\/wp-content\/uploads\/2024\/08\/Derecho-Tributario-Municipal-600x400.jpg 600w\" sizes=\"(max-width: 825px) 100vw, 825px\" \/><\/div>\n\t\t<\/figure>\n\t<\/div>\n<\/div><\/div><\/div><div class=\"wpb_column vc_column_container vc_col-sm-6\"><div class=\"vc_column-inner\"><div class=\"wpb_wrapper\"><div class=\"\"><p align=\"justify\">Our firm has seasoned professionals with extensive experience in municipal tax matters. We offer a wide range of services to both municipal tax administrations and taxpayers. This includes legal consulting and advisory for the drafting and regulation of municipal ordinances, as well as the development of appropriate norms for optimal administrative management and efficient tax collection. In addition, we provide training for municipal public officials to promote orderly administration and prevent future issues with oversight institutions. We also offer legal counsel and both judicial and extrajudicial representation for taxpayers in matters related to taxes, fees, and special improvement contributions, as well as in enforcement proceedings.<\/p>\n<\/div><\/div><\/div><\/div><\/div>\n<\/div>","protected":false},"excerpt":{"rendered":"Nuestra firma cuenta con profesionales de larga trayectoria y experiencia en materia tributaria municipal. Ofrecemos una amplia gama de servicios tanto a la administraci\u00f3n tributaria municipal como al contribuyente. Esto incluye consultor\u00eda y asesor\u00eda jur\u00eddica para la creaci\u00f3n y regulaci\u00f3n de ordenanzas municipales, as\u00ed como normativas adecuadas para una gesti\u00f3n administrativa \u00f3ptima y una recaudaci\u00f3n [...]","protected":false},"author":1,"featured_media":1931,"parent":0,"menu_order":0,"comment_status":"closed","ping_status":"closed","template":"","meta":{"_acf_changed":false,"footnotes":""},"class_list":["post-2063","page","type-page","status-publish","has-post-thumbnail","hentry"],"acf":[],"_links":{"self":[{"href":"https:\/\/velasteguiabogados.com\/en\/wp-json\/wp\/v2\/pages\/2063"}],"collection":[{"href":"https:\/\/velasteguiabogados.com\/en\/wp-json\/wp\/v2\/pages"}],"about":[{"href":"https:\/\/velasteguiabogados.com\/en\/wp-json\/wp\/v2\/types\/page"}],"author":[{"embeddable":true,"href":"https:\/\/velasteguiabogados.com\/en\/wp-json\/wp\/v2\/users\/1"}],"replies":[{"embeddable":true,"href":"https:\/\/velasteguiabogados.com\/en\/wp-json\/wp\/v2\/comments?post=2063"}],"version-history":[{"count":0,"href":"https:\/\/velasteguiabogados.com\/en\/wp-json\/wp\/v2\/pages\/2063\/revisions"}],"wp:featuredmedia":[{"embeddable":true,"href":"https:\/\/velasteguiabogados.com\/en\/wp-json\/wp\/v2\/media\/1931"}],"wp:attachment":[{"href":"https:\/\/velasteguiabogados.com\/en\/wp-json\/wp\/v2\/media?parent=2063"}],"curies":[{"name":"wp","href":"https:\/\/api.w.org\/{rel}","templated":true}]}}