{"id":2015,"date":"2024-08-15T18:14:09","date_gmt":"2024-08-15T18:14:09","guid":{"rendered":"https:\/\/nuevo.velasteguiabogados.com\/?page_id=2015"},"modified":"2024-08-15T18:14:54","modified_gmt":"2024-08-15T18:14:54","slug":"jorge-guillermo-portela","status":"publish","type":"page","link":"https:\/\/velasteguiabogados.com\/en\/jorge-guillermo-portela\/","title":{"rendered":"Dr. Jorge Guillermo Portela Phd."},"content":{"rendered":"<div class=\"wpb-content-wrapper\"><div class=\"vc_row wpb_row vc_row-fluid\"><div class=\"wpb_column vc_column_container vc_col-sm-6\"><div class=\"vc_column-inner\"><div class=\"wpb_wrapper\">\n\t<div  class=\"wpb_single_image wpb_content_element vc_align_left wpb_content_element\">\n\t\t\n\t\t<figure class=\"wpb_wrapper vc_figure\">\n\t\t\t<div class=\"vc_single_image-wrapper   vc_box_border_grey\"><img loading=\"lazy\" decoding=\"async\" width=\"2220\" height=\"2560\" src=\"https:\/\/velasteguiabogados.com\/wp-content\/uploads\/2024\/08\/Jorge-Guillermo-scaled.jpg\" class=\"vc_single_image-img attachment-full\" alt=\"\" title=\"Jorge Guillermo\" srcset=\"https:\/\/velasteguiabogados.com\/wp-content\/uploads\/2024\/08\/Jorge-Guillermo-scaled.jpg 2220w, https:\/\/velasteguiabogados.com\/wp-content\/uploads\/2024\/08\/Jorge-Guillermo-260x300.jpg 260w, https:\/\/velasteguiabogados.com\/wp-content\/uploads\/2024\/08\/Jorge-Guillermo-888x1024.jpg 888w, https:\/\/velasteguiabogados.com\/wp-content\/uploads\/2024\/08\/Jorge-Guillermo-768x886.jpg 768w, https:\/\/velasteguiabogados.com\/wp-content\/uploads\/2024\/08\/Jorge-Guillermo-1332x1536.jpg 1332w, https:\/\/velasteguiabogados.com\/wp-content\/uploads\/2024\/08\/Jorge-Guillermo-1776x2048.jpg 1776w, https:\/\/velasteguiabogados.com\/wp-content\/uploads\/2024\/08\/Jorge-Guillermo-500x577.jpg 500w, https:\/\/velasteguiabogados.com\/wp-content\/uploads\/2024\/08\/Jorge-Guillermo-800x922.jpg 800w, https:\/\/velasteguiabogados.com\/wp-content\/uploads\/2024\/08\/Jorge-Guillermo-1280x1476.jpg 1280w, https:\/\/velasteguiabogados.com\/wp-content\/uploads\/2024\/08\/Jorge-Guillermo-1920x2214.jpg 1920w, https:\/\/velasteguiabogados.com\/wp-content\/uploads\/2024\/08\/Jorge-Guillermo-48x55.jpg 48w, https:\/\/velasteguiabogados.com\/wp-content\/uploads\/2024\/08\/Jorge-Guillermo-90x104.jpg 90w, https:\/\/velasteguiabogados.com\/wp-content\/uploads\/2024\/08\/Jorge-Guillermo-150x173.jpg 150w, https:\/\/velasteguiabogados.com\/wp-content\/uploads\/2024\/08\/Jorge-Guillermo-200x231.jpg 200w, https:\/\/velasteguiabogados.com\/wp-content\/uploads\/2024\/08\/Jorge-Guillermo-300x346.jpg 300w, https:\/\/velasteguiabogados.com\/wp-content\/uploads\/2024\/08\/Jorge-Guillermo-400x461.jpg 400w, https:\/\/velasteguiabogados.com\/wp-content\/uploads\/2024\/08\/Jorge-Guillermo-600x692.jpg 600w, https:\/\/velasteguiabogados.com\/wp-content\/uploads\/2024\/08\/Jorge-Guillermo-1400x1614.jpg 1400w, https:\/\/velasteguiabogados.com\/wp-content\/uploads\/2024\/08\/Jorge-Guillermo-1440x1660.jpg 1440w, https:\/\/velasteguiabogados.com\/wp-content\/uploads\/2024\/08\/Jorge-Guillermo-1600x1845.jpg 1600w\" sizes=\"(max-width: 2220px) 100vw, 2220px\" \/><\/div>\n\t\t<\/figure>\n\t<\/div>\n<\/div><\/div><\/div><div class=\"wpb_column vc_column_container vc_col-sm-6\"><div class=\"vc_column-inner\"><div class=\"wpb_wrapper\"><div class=\"\"><p align=\"justify\">Abogado, por la Facultad de Derecho y Ciencias Sociales de la Universidad de Buenos Aires.<\/p>\n<p align=\"justify\">Doctor en Ciencias Jur\u00eddicas, por la Facultad de Derecho y Ciencias Pol\u00edticas de la Pontificia Universidad Cat\u00f3lica Argentina \u201cSanta Mar\u00eda de los Buenos Aires\u201d.<\/p>\n<p align=\"justify\">Actualmente es Profesor Titular Ordinario de las asignaturas Introducci\u00f3n al Derecho y Formaci\u00f3n del Pensamiento Jur\u00eddico y Pol\u00edtico en la Facultad de Derecho de la Pontificia Universidad Cat\u00f3lica Argentina \u201cSanta Mar\u00eda de los Buenos Aires\u201d, y Profesor Regular del Departamento de Filosof\u00eda del Derecho de la Facultad de Derecho y Ciencias Sociales de la Universidad de Buenos Aires. Asimismo, es Profesor Visitante de la Facultad de Derecho de la Universidad San Pablo de Arequipa, Per\u00fa<\/p>\n<p align=\"justify\">El Dr. Jorge G. Portela ha publicado, a la fecha, los siguientes libros:<\/p>\n<p align=\"justify\">La Justicia y el Derecho Natural, Universidad San Pablo, Arequipa, Per\u00fa, 2006 (2da. Edici\u00f3n). Reeditado por Educa, 2106 (3ra. Edici\u00f3n).<\/p>\n<p align=\"justify\">La Justificaci\u00f3n iusnaturalista de la desobediencia civil y de la objeci\u00f3n de conciencia, Educa, Buenos Aires, 2005. Este libro fue galardonado con la Tercera Faja de Honor \u201cPadre Leonardo Castellani\u201d, en la Exposici\u00f3n del Libro Cat\u00f3lico, Buenos Aires, 2006.<\/p>\n<\/div><\/div><\/div><\/div><\/div><div class=\"vc_row wpb_row vc_row-fluid\"><div class=\"wpb_column vc_column_container vc_col-sm-12\"><div class=\"vc_column-inner\"><div class=\"wpb_wrapper\"><div class=\"vc_empty_space\"   style=\"height: 32px\"><span class=\"vc_empty_space_inner\"><\/span><\/div><div class=\"\"><ul>\n<li>La Obediencia al Derecho y otros Ensayos, Educa, Buenos Aires, 2003 (2da. edici\u00f3n).<\/li>\n<li>Una introducci\u00f3n a los valores jur\u00eddicos, Rubinzal-Culzoni, Buenos Aires, 2008.<\/li>\n<li>Derecho, Desobediencia Civil y Principios Jur\u00eddicos, Ara Editores, Lima, Per\u00fa, 2011.<\/li>\n<li>Or\u00edgenes y desarrollo del contractualismo pol\u00edtico, Educa, Buenos Aires, 2012. A este libro le fue otorgada una menci\u00f3n en la Exposici\u00f3n del Libro Cat\u00f3lico, Buenos Aires, 2013<\/li>\n<li>Ha tenido a su cargo, adem\u00e1s, en forma conjunta con el Dr. Francisco Puy, la edici\u00f3n de los siguientes libros:<\/li>\n<li>La argumentaci\u00f3n jur\u00eddica. Problemas de concepto, m\u00e9todo y aplicaci\u00f3n, publicado por la Universidade de Santiago de Compostela en 2004.<\/li>\n<li>La argumentaci\u00f3n de los operadores jur\u00eddicos, Educa, Buenos Aires, 2005.<\/li>\n<li>Ha participado tambi\u00e9n en varios libros tem\u00e1ticos, entre los que cabe mencionar:<\/li>\n<li>La codificaci\u00f3n: ra\u00edces y prospectiva. \u00bfQu\u00e9 derecho, qu\u00e9 c\u00f3digos, qu\u00e9 ense\u00f1anza?, El Derecho, Buenos Aires, 2005.<\/li>\n<li>Mediaci\u00f3n y soluci\u00f3n de conflictos. Habilidades para una necesidad emergente (coordinado por Helena Soleto Mu\u00f1oz y Milagros Otero Parga), Tecnos, Madrid, 2007.<\/li>\n<li>Argumentos de la Argumentaci\u00f3n Jur\u00eddica, Ed. Porr\u00faa, M\u00e9xico, 2010.<\/li>\n<li>T\u00f3pica, Ret\u00f3rica y Dial\u00e9ctica en la Jurisprudencia. Estudios en homenaje a Francisco Puy, Universidade de Santiago de Compostela, Espa\u00f1a, 2011.<\/li>\n<li>Eficacia de los derechos humanos en el siglo XXI. Un reto por resolver, Porr\u00faa, M\u00e9xico, 2014.<\/li>\n<li>El Dr. Portela ha publicado m\u00e1s de setenta art\u00edculos en revistas especializadas y ha impartido clases y dictado conferencias en diversas universidades de Colombia, Per\u00fa, Brasil, M\u00e9xico, Costa Rica, Chile, Bolivia, Paraguay, Ecuador y Espa\u00f1a.<\/li>\n<li>Algunos de dichos art\u00edculos pueden ser consultados en el sitio: www.catedraportela.blogspot.com<\/li>\n<\/ul>\n<p align=\"justify\">Entre ellos cabe mencionar: \u201cLos derechos humanos en la escuela anal\u00edtica\u201d (en: El Derecho, Buenos Aires, Argentina, 1989, T\u00b0 134) ; \u201cEl problema de la relaci\u00f3n entre moral y derecho en Hart y Fuller. Aportes para una pol\u00e9mica\u201d (en: Derecho y Moral en el debate iusfilos\u00f3fico contempor\u00e1neo, Jos\u00e9 Ch\u00e1vez-Fern\u00e1ndez P. (Comp), AAVV, Arequipa, Per\u00fa, 2010); \u201c\u00bfQu\u00e9 es el derecho natural?\u201d (en: Vivencia y Pervivencia del Derecho Natural, Universidad de Medell\u00edn, Colombia, AAVV, 2007); \u201cLos principios jur\u00eddicos y el neoconstitucionalismo\u201d (en: Dikaion, Universidad de la Sabana, Colombia, AAVV, 2009, n\u00b018); \u201cEl neoconstitucionalismo, \u00bfes realmente neo?\u201d (en: Gaceta Constitucional, Lima, Per\u00fa, AAVV, 2011, T\u00b0 48); \u201cLa relaci\u00f3n entre moral y derecho en el paleopositivismo y el positivismo jur\u00eddico. Aportes para una cr\u00f3nica (en: Revista Jur\u00eddica de la Universidad de los Hemisferios, Ius Humani, n\u00b0 4, Ecuador, 2014); \u201cLas modernas (\u00bf?) reglas del arte de resolver conflictos: una consideraci\u00f3n a partir de Tuc\u00eddides\u201d (en: Dereito, Revista Xuridica da Universidade de Santiago de Compostela, Vol. 14, n\u00b0 1, Espa\u00f1a, 2005); \u201cLa justificaci\u00f3n iusnaturalista de la desobediencia civil y de la objeci\u00f3n de conciencia\u201d (en: Revista de la Facultad de Derecho y Ciencias Pol\u00edticas de la Universidad Pontificia Bolivariana, Medell\u00edn, Colombia, 2006, AAVV, Vol. 36, n\u00b0 105) y \u201cBreve an\u00e1lisis de los valores jur\u00eddicos\u201d (en: Cultura Jur\u00eddica, Revista del Tribunal Superior de Justicia del Estado de M\u00e9xico, AAVV, julio-diciembre 2005).<\/p>\n<\/div><\/div><\/div><\/div><\/div><div class=\"vc_row wpb_row vc_row-fluid\"><div class=\"wpb_column vc_column_container vc_col-sm-12\"><div class=\"vc_column-inner\"><div class=\"wpb_wrapper\"><\/div><\/div><\/div><\/div>\n<\/div>","protected":false},"excerpt":{"rendered":"Abogado, por la Facultad de Derecho y Ciencias Sociales de la Universidad de Buenos Aires. Doctor en Ciencias Jur\u00eddicas, por la Facultad de Derecho y Ciencias Pol\u00edticas de la Pontificia Universidad Cat\u00f3lica Argentina \u201cSanta Mar\u00eda de los Buenos Aires\u201d. Actualmente es Profesor Titular Ordinario de las asignaturas Introducci\u00f3n al Derecho y Formaci\u00f3n del Pensamiento Jur\u00eddico [...]","protected":false},"author":1,"featured_media":1931,"parent":0,"menu_order":0,"comment_status":"closed","ping_status":"closed","template":"","meta":{"_acf_changed":false,"footnotes":""},"class_list":["post-2015","page","type-page","status-publish","has-post-thumbnail","hentry"],"acf":[],"_links":{"self":[{"href":"https:\/\/velasteguiabogados.com\/en\/wp-json\/wp\/v2\/pages\/2015"}],"collection":[{"href":"https:\/\/velasteguiabogados.com\/en\/wp-json\/wp\/v2\/pages"}],"about":[{"href":"https:\/\/velasteguiabogados.com\/en\/wp-json\/wp\/v2\/types\/page"}],"author":[{"embeddable":true,"href":"https:\/\/velasteguiabogados.com\/en\/wp-json\/wp\/v2\/users\/1"}],"replies":[{"embeddable":true,"href":"https:\/\/velasteguiabogados.com\/en\/wp-json\/wp\/v2\/comments?post=2015"}],"version-history":[{"count":0,"href":"https:\/\/velasteguiabogados.com\/en\/wp-json\/wp\/v2\/pages\/2015\/revisions"}],"wp:featuredmedia":[{"embeddable":true,"href":"https:\/\/velasteguiabogados.com\/en\/wp-json\/wp\/v2\/media\/1931"}],"wp:attachment":[{"href":"https:\/\/velasteguiabogados.com\/en\/wp-json\/wp\/v2\/media?parent=2015"}],"curies":[{"name":"wp","href":"https:\/\/api.w.org\/{rel}","templated":true}]}}