{"id":2011,"date":"2024-08-15T18:09:32","date_gmt":"2024-08-15T18:09:32","guid":{"rendered":"https:\/\/nuevo.velasteguiabogados.com\/?page_id=2011"},"modified":"2024-08-15T18:10:19","modified_gmt":"2024-08-15T18:10:19","slug":"gabriela-carrasco","status":"publish","type":"page","link":"https:\/\/velasteguiabogados.com\/en\/gabriela-carrasco\/","title":{"rendered":"Ec. Gabriela Carrasco Espinoza"},"content":{"rendered":"<div class=\"wpb-content-wrapper\"><div class=\"vc_row wpb_row vc_row-fluid\"><div class=\"wpb_column vc_column_container vc_col-sm-6\"><div class=\"vc_column-inner\"><div class=\"wpb_wrapper\">\n\t<div  class=\"wpb_single_image wpb_content_element vc_align_left wpb_content_element\">\n\t\t\n\t\t<figure class=\"wpb_wrapper vc_figure\">\n\t\t\t<div class=\"vc_single_image-wrapper   vc_box_border_grey\"><img loading=\"lazy\" decoding=\"async\" width=\"2220\" height=\"2560\" src=\"https:\/\/velasteguiabogados.com\/wp-content\/uploads\/2024\/08\/Gabriela-Carrasco-scaled.jpg\" class=\"vc_single_image-img attachment-full\" alt=\"\" title=\"Gabriela Carrasco\" srcset=\"https:\/\/velasteguiabogados.com\/wp-content\/uploads\/2024\/08\/Gabriela-Carrasco-scaled.jpg 2220w, https:\/\/velasteguiabogados.com\/wp-content\/uploads\/2024\/08\/Gabriela-Carrasco-260x300.jpg 260w, https:\/\/velasteguiabogados.com\/wp-content\/uploads\/2024\/08\/Gabriela-Carrasco-888x1024.jpg 888w, https:\/\/velasteguiabogados.com\/wp-content\/uploads\/2024\/08\/Gabriela-Carrasco-768x886.jpg 768w, https:\/\/velasteguiabogados.com\/wp-content\/uploads\/2024\/08\/Gabriela-Carrasco-1332x1536.jpg 1332w, https:\/\/velasteguiabogados.com\/wp-content\/uploads\/2024\/08\/Gabriela-Carrasco-1776x2048.jpg 1776w, https:\/\/velasteguiabogados.com\/wp-content\/uploads\/2024\/08\/Gabriela-Carrasco-500x577.jpg 500w, https:\/\/velasteguiabogados.com\/wp-content\/uploads\/2024\/08\/Gabriela-Carrasco-800x922.jpg 800w, https:\/\/velasteguiabogados.com\/wp-content\/uploads\/2024\/08\/Gabriela-Carrasco-1280x1476.jpg 1280w, https:\/\/velasteguiabogados.com\/wp-content\/uploads\/2024\/08\/Gabriela-Carrasco-1920x2214.jpg 1920w, https:\/\/velasteguiabogados.com\/wp-content\/uploads\/2024\/08\/Gabriela-Carrasco-48x55.jpg 48w, https:\/\/velasteguiabogados.com\/wp-content\/uploads\/2024\/08\/Gabriela-Carrasco-90x104.jpg 90w, https:\/\/velasteguiabogados.com\/wp-content\/uploads\/2024\/08\/Gabriela-Carrasco-150x173.jpg 150w, https:\/\/velasteguiabogados.com\/wp-content\/uploads\/2024\/08\/Gabriela-Carrasco-200x231.jpg 200w, https:\/\/velasteguiabogados.com\/wp-content\/uploads\/2024\/08\/Gabriela-Carrasco-300x346.jpg 300w, https:\/\/velasteguiabogados.com\/wp-content\/uploads\/2024\/08\/Gabriela-Carrasco-400x461.jpg 400w, https:\/\/velasteguiabogados.com\/wp-content\/uploads\/2024\/08\/Gabriela-Carrasco-600x692.jpg 600w, https:\/\/velasteguiabogados.com\/wp-content\/uploads\/2024\/08\/Gabriela-Carrasco-1400x1614.jpg 1400w, https:\/\/velasteguiabogados.com\/wp-content\/uploads\/2024\/08\/Gabriela-Carrasco-1440x1660.jpg 1440w, https:\/\/velasteguiabogados.com\/wp-content\/uploads\/2024\/08\/Gabriela-Carrasco-1600x1845.jpg 1600w\" sizes=\"(max-width: 2220px) 100vw, 2220px\" \/><\/div>\n\t\t<\/figure>\n\t<\/div>\n<\/div><\/div><\/div><div class=\"wpb_column vc_column_container vc_col-sm-6\"><div class=\"vc_column-inner\"><div class=\"wpb_wrapper\"><div class=\"\"><p align=\"justify\">Experta financiera y societaria con amplia experiencia en an\u00e1lisis de Estados Financieros y sus indicadores, planificaci\u00f3n y ejecuci\u00f3n presupuestaria, proyecci\u00f3n y manejo del flujo de caja, con adecuado conocimiento en Normas Internacionales de Informaci\u00f3n Financiera y procesos de aumentos de capital, fusiones, escisiones y control de compa\u00f1\u00edas, con importantes habilidades de negociaci\u00f3n con financistas y proveedores. Amplia experiencia en finanzas p\u00fablicas, particularmente de las Empresas P\u00fablicas y Gobiernos Aut\u00f3nomos Descentralizados, con s\u00f3lidos conocimientos en procesos de endeudamiento p\u00fablico.<\/p>\n<\/div><\/div><\/div><\/div><\/div>\n<\/div>","protected":false},"excerpt":{"rendered":"Experta financiera y societaria con amplia experiencia en an\u00e1lisis de Estados Financieros y sus indicadores, planificaci\u00f3n y ejecuci\u00f3n presupuestaria, proyecci\u00f3n y manejo del flujo de caja, con adecuado conocimiento en Normas Internacionales de Informaci\u00f3n Financiera y procesos de aumentos de capital, fusiones, escisiones y control de compa\u00f1\u00edas, con importantes habilidades de negociaci\u00f3n con financistas y [...]","protected":false},"author":1,"featured_media":1931,"parent":0,"menu_order":0,"comment_status":"closed","ping_status":"closed","template":"","meta":{"_acf_changed":false,"footnotes":""},"class_list":["post-2011","page","type-page","status-publish","has-post-thumbnail","hentry"],"acf":[],"_links":{"self":[{"href":"https:\/\/velasteguiabogados.com\/en\/wp-json\/wp\/v2\/pages\/2011"}],"collection":[{"href":"https:\/\/velasteguiabogados.com\/en\/wp-json\/wp\/v2\/pages"}],"about":[{"href":"https:\/\/velasteguiabogados.com\/en\/wp-json\/wp\/v2\/types\/page"}],"author":[{"embeddable":true,"href":"https:\/\/velasteguiabogados.com\/en\/wp-json\/wp\/v2\/users\/1"}],"replies":[{"embeddable":true,"href":"https:\/\/velasteguiabogados.com\/en\/wp-json\/wp\/v2\/comments?post=2011"}],"version-history":[{"count":0,"href":"https:\/\/velasteguiabogados.com\/en\/wp-json\/wp\/v2\/pages\/2011\/revisions"}],"wp:featuredmedia":[{"embeddable":true,"href":"https:\/\/velasteguiabogados.com\/en\/wp-json\/wp\/v2\/media\/1931"}],"wp:attachment":[{"href":"https:\/\/velasteguiabogados.com\/en\/wp-json\/wp\/v2\/media?parent=2011"}],"curies":[{"name":"wp","href":"https:\/\/api.w.org\/{rel}","templated":true}]}}