{"id":2002,"date":"2024-08-15T17:30:30","date_gmt":"2024-08-15T17:30:30","guid":{"rendered":"https:\/\/nuevo.velasteguiabogados.com\/?page_id=2002"},"modified":"2024-08-15T17:31:26","modified_gmt":"2024-08-15T17:31:26","slug":"2002-2","status":"publish","type":"page","link":"https:\/\/velasteguiabogados.com\/en\/2002-2\/","title":{"rendered":"Ec. Mar\u00eda Dolores Almeida S\u00e1nchez"},"content":{"rendered":"<div class=\"wpb-content-wrapper\"><div class=\"vc_row wpb_row vc_row-fluid\"><div class=\"wpb_column vc_column_container vc_col-sm-6\"><div class=\"vc_column-inner\"><div class=\"wpb_wrapper\">\n\t<div  class=\"wpb_single_image wpb_content_element vc_align_left wpb_content_element\">\n\t\t\n\t\t<figure class=\"wpb_wrapper vc_figure\">\n\t\t\t<div class=\"vc_single_image-wrapper   vc_box_border_grey\"><img loading=\"lazy\" decoding=\"async\" width=\"2220\" height=\"2560\" src=\"https:\/\/velasteguiabogados.com\/wp-content\/uploads\/2024\/08\/Maria-Almeida-scaled.jpg\" class=\"vc_single_image-img attachment-full\" alt=\"\" title=\"Mar\u00eda Almeida\" srcset=\"https:\/\/velasteguiabogados.com\/wp-content\/uploads\/2024\/08\/Maria-Almeida-scaled.jpg 2220w, https:\/\/velasteguiabogados.com\/wp-content\/uploads\/2024\/08\/Maria-Almeida-260x300.jpg 260w, https:\/\/velasteguiabogados.com\/wp-content\/uploads\/2024\/08\/Maria-Almeida-888x1024.jpg 888w, https:\/\/velasteguiabogados.com\/wp-content\/uploads\/2024\/08\/Maria-Almeida-768x886.jpg 768w, https:\/\/velasteguiabogados.com\/wp-content\/uploads\/2024\/08\/Maria-Almeida-1332x1536.jpg 1332w, https:\/\/velasteguiabogados.com\/wp-content\/uploads\/2024\/08\/Maria-Almeida-1776x2048.jpg 1776w, https:\/\/velasteguiabogados.com\/wp-content\/uploads\/2024\/08\/Maria-Almeida-500x577.jpg 500w, https:\/\/velasteguiabogados.com\/wp-content\/uploads\/2024\/08\/Maria-Almeida-800x922.jpg 800w, https:\/\/velasteguiabogados.com\/wp-content\/uploads\/2024\/08\/Maria-Almeida-1280x1476.jpg 1280w, https:\/\/velasteguiabogados.com\/wp-content\/uploads\/2024\/08\/Maria-Almeida-1920x2214.jpg 1920w, https:\/\/velasteguiabogados.com\/wp-content\/uploads\/2024\/08\/Maria-Almeida-48x55.jpg 48w, https:\/\/velasteguiabogados.com\/wp-content\/uploads\/2024\/08\/Maria-Almeida-90x104.jpg 90w, https:\/\/velasteguiabogados.com\/wp-content\/uploads\/2024\/08\/Maria-Almeida-150x173.jpg 150w, https:\/\/velasteguiabogados.com\/wp-content\/uploads\/2024\/08\/Maria-Almeida-200x231.jpg 200w, https:\/\/velasteguiabogados.com\/wp-content\/uploads\/2024\/08\/Maria-Almeida-300x346.jpg 300w, https:\/\/velasteguiabogados.com\/wp-content\/uploads\/2024\/08\/Maria-Almeida-400x461.jpg 400w, https:\/\/velasteguiabogados.com\/wp-content\/uploads\/2024\/08\/Maria-Almeida-600x692.jpg 600w, https:\/\/velasteguiabogados.com\/wp-content\/uploads\/2024\/08\/Maria-Almeida-1400x1614.jpg 1400w, https:\/\/velasteguiabogados.com\/wp-content\/uploads\/2024\/08\/Maria-Almeida-1440x1660.jpg 1440w, https:\/\/velasteguiabogados.com\/wp-content\/uploads\/2024\/08\/Maria-Almeida-1600x1845.jpg 1600w\" sizes=\"(max-width: 2220px) 100vw, 2220px\" \/><\/div>\n\t\t<\/figure>\n\t<\/div>\n<\/div><\/div><\/div><div class=\"wpb_column vc_column_container vc_col-sm-6\"><div class=\"vc_column-inner\"><div class=\"wpb_wrapper\"><div class=\"\"><p align=\"justify\">Economista graduada en la Universidad Nacional de Tucum\u00e1n Argentina, cuenta con un Maestr\u00eda en Econom\u00eda con \u00e9nfasis en Descentralizaci\u00f3n y Desarrollo Local y con un Diplomado en Presupuestos pro Equidad de G\u00e9nero.<\/p>\n<p align=\"justify\">Cuenta con m\u00e1s de 20 a\u00f1os de experiencia en finanzas p\u00fablicas; descentralizaci\u00f3n fiscal; financiamiento ambiental; pol\u00edtica fiscal con enfoque de derechos; evaluaci\u00f3n financiera y econ\u00f3mica de proyectos; entre otros. Se ha desempe\u00f1ado en cargos p\u00fablicos como Viceministra de Finanzas, Subsecretaria de Inversi\u00f3n P\u00fablica, entre otros. Ha sido consultora en finanzas para organismos internacionales como el Banco Interamericano de Desarrollo, Banco Mundial, Cooperaci\u00f3n T\u00e9cnica Alemana, ONU Mujeres, UNICEF, PNUMA y la Comisi\u00f3n Econ\u00f3mica Latinomericana \u2013 CEPAL.<\/p>\n<p align=\"justify\">Durante los \u00faltimos cinco a\u00f1os su trabajo se ha concentrado principalmente en financiamiento clim\u00e1tico, con \u00e9nfasis en el an\u00e1lisis de la institucionalidad y la cuantificaci\u00f3n del gasto p\u00fablico y privado clim\u00e1tico en varios pa\u00edses de Am\u00e9rica Latina (CPEIR y PCEIR), estrategias de financiamiento de REDD+, pol\u00edticas fiscales ambientales y en la elaboraci\u00f3n de estrategias de incorporaci\u00f3n del enfoque de g\u00e9nero en diferentes proyectos ambientales, entre otros.<\/p>\n<\/div><\/div><\/div><\/div><\/div>\n<\/div>","protected":false},"excerpt":{"rendered":"Economista graduada en la Universidad Nacional de Tucum\u00e1n Argentina, cuenta con un Maestr\u00eda en Econom\u00eda con \u00e9nfasis en Descentralizaci\u00f3n y Desarrollo Local y con un Diplomado en Presupuestos pro Equidad de G\u00e9nero. Cuenta con m\u00e1s de 20 a\u00f1os de experiencia en finanzas p\u00fablicas; descentralizaci\u00f3n fiscal; financiamiento ambiental; pol\u00edtica fiscal con enfoque de derechos; evaluaci\u00f3n financiera [...]","protected":false},"author":1,"featured_media":1931,"parent":0,"menu_order":0,"comment_status":"closed","ping_status":"closed","template":"","meta":{"_acf_changed":false,"footnotes":""},"class_list":["post-2002","page","type-page","status-publish","has-post-thumbnail","hentry"],"acf":[],"_links":{"self":[{"href":"https:\/\/velasteguiabogados.com\/en\/wp-json\/wp\/v2\/pages\/2002"}],"collection":[{"href":"https:\/\/velasteguiabogados.com\/en\/wp-json\/wp\/v2\/pages"}],"about":[{"href":"https:\/\/velasteguiabogados.com\/en\/wp-json\/wp\/v2\/types\/page"}],"author":[{"embeddable":true,"href":"https:\/\/velasteguiabogados.com\/en\/wp-json\/wp\/v2\/users\/1"}],"replies":[{"embeddable":true,"href":"https:\/\/velasteguiabogados.com\/en\/wp-json\/wp\/v2\/comments?post=2002"}],"version-history":[{"count":0,"href":"https:\/\/velasteguiabogados.com\/en\/wp-json\/wp\/v2\/pages\/2002\/revisions"}],"wp:featuredmedia":[{"embeddable":true,"href":"https:\/\/velasteguiabogados.com\/en\/wp-json\/wp\/v2\/media\/1931"}],"wp:attachment":[{"href":"https:\/\/velasteguiabogados.com\/en\/wp-json\/wp\/v2\/media?parent=2002"}],"curies":[{"name":"wp","href":"https:\/\/api.w.org\/{rel}","templated":true}]}}