{"id":1995,"date":"2024-08-15T16:48:07","date_gmt":"2024-08-15T16:48:07","guid":{"rendered":"https:\/\/nuevo.velasteguiabogados.com\/?page_id=1995"},"modified":"2024-08-15T16:49:26","modified_gmt":"2024-08-15T16:49:26","slug":"1995-2","status":"publish","type":"page","link":"https:\/\/velasteguiabogados.com\/en\/1995-2\/","title":{"rendered":"Ab. Nicole Ayala"},"content":{"rendered":"<div class=\"wpb-content-wrapper\"><div class=\"vc_row wpb_row vc_row-fluid\"><div class=\"wpb_column vc_column_container vc_col-sm-6\"><div class=\"vc_column-inner\"><div class=\"wpb_wrapper\">\n\t<div  class=\"wpb_single_image wpb_content_element vc_align_left wpb_content_element\">\n\t\t\n\t\t<figure class=\"wpb_wrapper vc_figure\">\n\t\t\t<div class=\"vc_single_image-wrapper   vc_box_border_grey\"><img loading=\"lazy\" decoding=\"async\" width=\"2220\" height=\"2560\" src=\"https:\/\/velasteguiabogados.com\/wp-content\/uploads\/2024\/07\/Nicole-2-scaled.jpg\" class=\"vc_single_image-img attachment-full\" alt=\"\" title=\"Nicole 2\" srcset=\"https:\/\/velasteguiabogados.com\/wp-content\/uploads\/2024\/07\/Nicole-2-scaled.jpg 2220w, https:\/\/velasteguiabogados.com\/wp-content\/uploads\/2024\/07\/Nicole-2-260x300.jpg 260w, https:\/\/velasteguiabogados.com\/wp-content\/uploads\/2024\/07\/Nicole-2-888x1024.jpg 888w, https:\/\/velasteguiabogados.com\/wp-content\/uploads\/2024\/07\/Nicole-2-768x886.jpg 768w, https:\/\/velasteguiabogados.com\/wp-content\/uploads\/2024\/07\/Nicole-2-1332x1536.jpg 1332w, https:\/\/velasteguiabogados.com\/wp-content\/uploads\/2024\/07\/Nicole-2-1776x2048.jpg 1776w, https:\/\/velasteguiabogados.com\/wp-content\/uploads\/2024\/07\/Nicole-2-500x577.jpg 500w, https:\/\/velasteguiabogados.com\/wp-content\/uploads\/2024\/07\/Nicole-2-800x922.jpg 800w, https:\/\/velasteguiabogados.com\/wp-content\/uploads\/2024\/07\/Nicole-2-1280x1476.jpg 1280w, https:\/\/velasteguiabogados.com\/wp-content\/uploads\/2024\/07\/Nicole-2-1920x2214.jpg 1920w, https:\/\/velasteguiabogados.com\/wp-content\/uploads\/2024\/07\/Nicole-2-48x55.jpg 48w, https:\/\/velasteguiabogados.com\/wp-content\/uploads\/2024\/07\/Nicole-2-90x104.jpg 90w, https:\/\/velasteguiabogados.com\/wp-content\/uploads\/2024\/07\/Nicole-2-150x173.jpg 150w, https:\/\/velasteguiabogados.com\/wp-content\/uploads\/2024\/07\/Nicole-2-200x231.jpg 200w, https:\/\/velasteguiabogados.com\/wp-content\/uploads\/2024\/07\/Nicole-2-300x346.jpg 300w, https:\/\/velasteguiabogados.com\/wp-content\/uploads\/2024\/07\/Nicole-2-400x461.jpg 400w, https:\/\/velasteguiabogados.com\/wp-content\/uploads\/2024\/07\/Nicole-2-600x692.jpg 600w, https:\/\/velasteguiabogados.com\/wp-content\/uploads\/2024\/07\/Nicole-2-1400x1614.jpg 1400w, https:\/\/velasteguiabogados.com\/wp-content\/uploads\/2024\/07\/Nicole-2-1440x1660.jpg 1440w, https:\/\/velasteguiabogados.com\/wp-content\/uploads\/2024\/07\/Nicole-2-1600x1845.jpg 1600w\" sizes=\"(max-width: 2220px) 100vw, 2220px\" \/><\/div>\n\t\t<\/figure>\n\t<\/div>\n<\/div><\/div><\/div><div class=\"wpb_column vc_column_container vc_col-sm-6\"><div class=\"vc_column-inner\"><div class=\"wpb_wrapper\"><div class=\"\"><p><strong>Formaci\u00f3n Acad\u00e9mica<\/strong><\/p>\n<p align=\"justify\">Nicole Ayala completed her undergraduate studies at the Pontificia Universidad Cat\u00f3lica del Ecuador, where she earned the degree of Attorney of the Courts and Tribunals of the Republic. She also completed a Diploma in Personal Data Protection Management at the Universidad Andina Sim\u00f3n Bol\u00edvar. In 2020, she served as Director of the Sports Commission of the Law School Association, later becoming Vice President of the association in 2021 and a member of the Editorial Committee of Revista Ruptura of the Faculty of Law.<\/p>\n<p>Work Experience<br \/>\n\u2013 Legal Intern, Durinni &amp; Guerrero, 2019<br \/>\n\u2013 Legal Intern, Fexlaw, 2020<br \/>\n\u2013 Legal Assistant, LEXWORKS, 2021<br \/>\n\u2013 Legal Assistant, Solines &amp; Asociados, 2022<\/p>\n<\/div><\/div><\/div><\/div><\/div>\n<\/div>","protected":false},"excerpt":{"rendered":"Formaci\u00f3n Acad\u00e9mica Nicole Ayala realiz\u00f3 sus estudios de pregrado en la Pontificia Universidad Cat\u00f3lica del Ecuador, donde obtuvo el t\u00edtulo de Abogada de los Tribunales y Juzgados de la Rep\u00fablica. Adem\u00e1s, curs\u00f3 el Diplomado en Gesti\u00f3n de la Protecci\u00f3n de Datos Personales en la Universidad Andina Sim\u00f3n Bol\u00edvar. Fue directora de la comisi\u00f3n deportiva de [...]","protected":false},"author":1,"featured_media":1931,"parent":0,"menu_order":0,"comment_status":"closed","ping_status":"closed","template":"","meta":{"_acf_changed":false,"footnotes":""},"class_list":["post-1995","page","type-page","status-publish","has-post-thumbnail","hentry"],"acf":[],"_links":{"self":[{"href":"https:\/\/velasteguiabogados.com\/en\/wp-json\/wp\/v2\/pages\/1995"}],"collection":[{"href":"https:\/\/velasteguiabogados.com\/en\/wp-json\/wp\/v2\/pages"}],"about":[{"href":"https:\/\/velasteguiabogados.com\/en\/wp-json\/wp\/v2\/types\/page"}],"author":[{"embeddable":true,"href":"https:\/\/velasteguiabogados.com\/en\/wp-json\/wp\/v2\/users\/1"}],"replies":[{"embeddable":true,"href":"https:\/\/velasteguiabogados.com\/en\/wp-json\/wp\/v2\/comments?post=1995"}],"version-history":[{"count":0,"href":"https:\/\/velasteguiabogados.com\/en\/wp-json\/wp\/v2\/pages\/1995\/revisions"}],"wp:featuredmedia":[{"embeddable":true,"href":"https:\/\/velasteguiabogados.com\/en\/wp-json\/wp\/v2\/media\/1931"}],"wp:attachment":[{"href":"https:\/\/velasteguiabogados.com\/en\/wp-json\/wp\/v2\/media?parent=1995"}],"curies":[{"name":"wp","href":"https:\/\/api.w.org\/{rel}","templated":true}]}}