{"id":1982,"date":"2024-08-15T16:26:11","date_gmt":"2024-08-15T16:26:11","guid":{"rendered":"https:\/\/nuevo.velasteguiabogados.com\/?page_id=1982"},"modified":"2024-08-15T16:27:04","modified_gmt":"2024-08-15T16:27:04","slug":"dario-velastegui-enriquez","status":"publish","type":"page","link":"https:\/\/velasteguiabogados.com\/en\/dario-velastegui-enriquez\/","title":{"rendered":"Dr. Dar\u00edo Vel\u00e1stegui Enr\u00edquez"},"content":{"rendered":"<div class=\"wpb-content-wrapper\"><div class=\"vc_row wpb_row vc_row-fluid\"><div class=\"wpb_column vc_column_container vc_col-sm-6\"><div class=\"vc_column-inner\"><div class=\"wpb_wrapper\">\n\t<div  class=\"wpb_single_image wpb_content_element vc_align_left wpb_content_element\">\n\t\t\n\t\t<figure class=\"wpb_wrapper vc_figure\">\n\t\t\t<div class=\"vc_single_image-wrapper   vc_box_border_grey\"><img loading=\"lazy\" decoding=\"async\" width=\"2220\" height=\"2560\" src=\"https:\/\/velasteguiabogados.com\/wp-content\/uploads\/2024\/07\/Dario-2-scaled.jpg\" class=\"vc_single_image-img attachment-full\" alt=\"\" title=\"Dar\u00edo 2\" srcset=\"https:\/\/velasteguiabogados.com\/wp-content\/uploads\/2024\/07\/Dario-2-scaled.jpg 2220w, https:\/\/velasteguiabogados.com\/wp-content\/uploads\/2024\/07\/Dario-2-260x300.jpg 260w, https:\/\/velasteguiabogados.com\/wp-content\/uploads\/2024\/07\/Dario-2-888x1024.jpg 888w, https:\/\/velasteguiabogados.com\/wp-content\/uploads\/2024\/07\/Dario-2-768x886.jpg 768w, https:\/\/velasteguiabogados.com\/wp-content\/uploads\/2024\/07\/Dario-2-1332x1536.jpg 1332w, https:\/\/velasteguiabogados.com\/wp-content\/uploads\/2024\/07\/Dario-2-1776x2048.jpg 1776w, https:\/\/velasteguiabogados.com\/wp-content\/uploads\/2024\/07\/Dario-2-500x577.jpg 500w, https:\/\/velasteguiabogados.com\/wp-content\/uploads\/2024\/07\/Dario-2-800x922.jpg 800w, https:\/\/velasteguiabogados.com\/wp-content\/uploads\/2024\/07\/Dario-2-1280x1476.jpg 1280w, https:\/\/velasteguiabogados.com\/wp-content\/uploads\/2024\/07\/Dario-2-1920x2214.jpg 1920w, https:\/\/velasteguiabogados.com\/wp-content\/uploads\/2024\/07\/Dario-2-48x55.jpg 48w, https:\/\/velasteguiabogados.com\/wp-content\/uploads\/2024\/07\/Dario-2-90x104.jpg 90w, https:\/\/velasteguiabogados.com\/wp-content\/uploads\/2024\/07\/Dario-2-150x173.jpg 150w, https:\/\/velasteguiabogados.com\/wp-content\/uploads\/2024\/07\/Dario-2-200x231.jpg 200w, https:\/\/velasteguiabogados.com\/wp-content\/uploads\/2024\/07\/Dario-2-300x346.jpg 300w, https:\/\/velasteguiabogados.com\/wp-content\/uploads\/2024\/07\/Dario-2-400x461.jpg 400w, https:\/\/velasteguiabogados.com\/wp-content\/uploads\/2024\/07\/Dario-2-600x692.jpg 600w, https:\/\/velasteguiabogados.com\/wp-content\/uploads\/2024\/07\/Dario-2-1400x1614.jpg 1400w, https:\/\/velasteguiabogados.com\/wp-content\/uploads\/2024\/07\/Dario-2-1440x1660.jpg 1440w, https:\/\/velasteguiabogados.com\/wp-content\/uploads\/2024\/07\/Dario-2-1600x1845.jpg 1600w\" sizes=\"(max-width: 2220px) 100vw, 2220px\" \/><\/div>\n\t\t<\/figure>\n\t<\/div>\n<\/div><\/div><\/div><div class=\"wpb_column vc_column_container vc_col-sm-6\"><div class=\"vc_column-inner\"><div class=\"wpb_wrapper\"><div class=\"\"><p align=\"justify\">Dr. DAR\u00cdO VEL\u00c1STEGUI ENR\u00cdQUEZ PhD. Ex Magistrado de la Corte Nacional de Justicia del Ecuador Experto en Derecho Tributario, Derecho Administrativo, Derecho Constitucional y Recursos de Casaci\u00f3n Presidente Ejecutivo y Socio Fundador de VEL\u00c1STEGUI ABOGADOS VLEGAL C\u00cdA LTDA. Doctor en Ciencias Jur\u00eddicas (PhD.) por la Universidad Cat\u00f3lica de Santa Mar\u00eda de los Buenos Aires Argentina. Mag\u00edster en Derecho Tributario, por la Universidad Andina Sim\u00f3n Bol\u00edvar. Diplomado Superior en Derecho Tributario, por la Universidad Andina Sim\u00f3n Bol\u00edvar.<br \/>\nDoctor en Jurisprudencia y Abogado de los Tribunales de la Rep\u00fablica del Ecuador y Licenciado en Ciencias P\u00fablicas y Sociales pot\u00a0 la Universidad Central del Ecuador.<\/p>\n<p align=\"justify\">Experiencia profesional: Juez Nacional de la Sala Contencioso Tributario de la Corte Nacional de Justicia (Presidente de la Sala); Conjuez Nacional de la Sala Contencioso Tributario de la Corte Nacional de Justicia. Asesor Ministerial, Coordinador General Jur\u00eddico y Coordinador General de la Ex \u2013 AGD en el Ministerio de Finanzas del Ecuador.\u00a0 Gerente Jur\u00eddico en la Empresa P\u00fablica YACHAY EP. Viceministro de Servicio P\u00fablico; Asesor Ministerial y Coordinador General Jur\u00eddico en el Ministerio de Relaciones Laborales del Ecuador. Director Financiero de Rentas; Jefe de Rentas Municipales; Jefe del \u00c1rea de lo Contencioso Tributario; Asesor Jur\u00eddico y Asesor Tributario en el Municipio del Distrito Metropolitano de Quito.<\/p>\n<p align=\"justify\">Catedr\u00e1tico Universitario en posgrado en la Universidad Andina Sim\u00f3n Bol\u00edvar; Facultad Latinoamericana de Ciencias Sociales Sede Ecuador (FLACSO-CELAEP-RED-GOB); Instituto Nacional de Altos Estudios (IAEN) y en la Universidad Tecnol\u00f3gica\u00a0 Indoam\u00e9rica.<\/p>\n<p align=\"justify\">Ha sido expositor en varias tem\u00e1ticas del derecho en: Ecuador, Brasil y Per\u00fa. Ha participado en cursos y seminarios nacionales e internacionales en: Ecuador, Francia, Alemania, Espa\u00f1a, M\u00e9xico y EE. UU.<\/p>\n<\/div><\/div><\/div><\/div><\/div>\n<\/div>","protected":false},"excerpt":{"rendered":"Dr. DAR\u00cdO VEL\u00c1STEGUI ENR\u00cdQUEZ PhD. Ex Magistrado de la Corte Nacional de Justicia del Ecuador Experto en Derecho Tributario, Derecho Administrativo, Derecho Constitucional y Recursos de Casaci\u00f3n Presidente Ejecutivo y Socio Fundador de VEL\u00c1STEGUI ABOGADOS VLEGAL C\u00cdA LTDA. Doctor en Ciencias Jur\u00eddicas (PhD.) por la Universidad Cat\u00f3lica de Santa Mar\u00eda de los Buenos Aires Argentina. [...]","protected":false},"author":1,"featured_media":1931,"parent":0,"menu_order":0,"comment_status":"closed","ping_status":"closed","template":"","meta":{"_acf_changed":false,"footnotes":""},"class_list":["post-1982","page","type-page","status-publish","has-post-thumbnail","hentry"],"acf":[],"_links":{"self":[{"href":"https:\/\/velasteguiabogados.com\/en\/wp-json\/wp\/v2\/pages\/1982"}],"collection":[{"href":"https:\/\/velasteguiabogados.com\/en\/wp-json\/wp\/v2\/pages"}],"about":[{"href":"https:\/\/velasteguiabogados.com\/en\/wp-json\/wp\/v2\/types\/page"}],"author":[{"embeddable":true,"href":"https:\/\/velasteguiabogados.com\/en\/wp-json\/wp\/v2\/users\/1"}],"replies":[{"embeddable":true,"href":"https:\/\/velasteguiabogados.com\/en\/wp-json\/wp\/v2\/comments?post=1982"}],"version-history":[{"count":0,"href":"https:\/\/velasteguiabogados.com\/en\/wp-json\/wp\/v2\/pages\/1982\/revisions"}],"wp:featuredmedia":[{"embeddable":true,"href":"https:\/\/velasteguiabogados.com\/en\/wp-json\/wp\/v2\/media\/1931"}],"wp:attachment":[{"href":"https:\/\/velasteguiabogados.com\/en\/wp-json\/wp\/v2\/media?parent=1982"}],"curies":[{"name":"wp","href":"https:\/\/api.w.org\/{rel}","templated":true}]}}