{"id":1950,"date":"2024-08-12T21:11:51","date_gmt":"2024-08-12T21:11:51","guid":{"rendered":"https:\/\/nuevo.velasteguiabogados.com\/?page_id=1950"},"modified":"2024-08-12T21:13:50","modified_gmt":"2024-08-12T21:13:50","slug":"planificacion-tributaria","status":"publish","type":"page","link":"https:\/\/velasteguiabogados.com\/en\/planificacion-tributaria\/","title":{"rendered":"Tax Planning"},"content":{"rendered":"<div class=\"wpb-content-wrapper\"><div class=\"vc_row wpb_row vc_row-fluid\"><div class=\"wpb_column vc_column_container vc_col-sm-12\"><div class=\"vc_column-inner\"><div class=\"wpb_wrapper\">\n\t<div  class=\"wpb_single_image wpb_content_element vc_align_left wpb_content_element\">\n\t\t\n\t\t<figure class=\"wpb_wrapper vc_figure\">\n\t\t\t<div class=\"vc_single_image-wrapper   vc_box_border_grey\"><img loading=\"lazy\" decoding=\"async\" width=\"825\" height=\"550\" src=\"https:\/\/velasteguiabogados.com\/wp-content\/uploads\/2024\/08\/Foto-1-1.jpg\" class=\"vc_single_image-img attachment-full\" alt=\"\" title=\"Foto 1\" srcset=\"https:\/\/velasteguiabogados.com\/wp-content\/uploads\/2024\/08\/Foto-1-1.jpg 825w, https:\/\/velasteguiabogados.com\/wp-content\/uploads\/2024\/08\/Foto-1-1-300x200.jpg 300w, https:\/\/velasteguiabogados.com\/wp-content\/uploads\/2024\/08\/Foto-1-1-768x512.jpg 768w, https:\/\/velasteguiabogados.com\/wp-content\/uploads\/2024\/08\/Foto-1-1-500x333.jpg 500w, https:\/\/velasteguiabogados.com\/wp-content\/uploads\/2024\/08\/Foto-1-1-800x533.jpg 800w, https:\/\/velasteguiabogados.com\/wp-content\/uploads\/2024\/08\/Foto-1-1-48x32.jpg 48w, https:\/\/velasteguiabogados.com\/wp-content\/uploads\/2024\/08\/Foto-1-1-90x60.jpg 90w, https:\/\/velasteguiabogados.com\/wp-content\/uploads\/2024\/08\/Foto-1-1-150x100.jpg 150w, https:\/\/velasteguiabogados.com\/wp-content\/uploads\/2024\/08\/Foto-1-1-200x133.jpg 200w, https:\/\/velasteguiabogados.com\/wp-content\/uploads\/2024\/08\/Foto-1-1-400x267.jpg 400w, https:\/\/velasteguiabogados.com\/wp-content\/uploads\/2024\/08\/Foto-1-1-600x400.jpg 600w\" sizes=\"(max-width: 825px) 100vw, 825px\" \/><\/div>\n\t\t<\/figure>\n\t<\/div>\n<\/div><\/div><\/div><\/div><div class=\"vc_row wpb_row vc_row-fluid\"><div class=\"wpb_column vc_column_container vc_col-sm-12\"><div class=\"vc_column-inner\"><div class=\"wpb_wrapper\"><h2 class='text-left'>Tax Planning<\/h2><\/div><\/div><\/div><\/div><div class=\"vc_row wpb_row vc_row-fluid\"><div class=\"wpb_column vc_column_container vc_col-sm-12\"><div class=\"vc_column-inner\"><div class=\"wpb_wrapper\"><div class=\"vc_empty_space\"   style=\"height: 32px\"><span class=\"vc_empty_space_inner\"><\/span><\/div><\/div><\/div><\/div><\/div><div class=\"vc_row wpb_row vc_row-fluid\"><div class=\"wpb_column vc_column_container vc_col-sm-12\"><div class=\"vc_column-inner\"><div class=\"wpb_wrapper\"><div class=\"\"><p align=\"justify\">Our team of tax law experts provides detailed advice on structuring operations, analyzing tax incentives, optimizing business structures, and other key areas. We offer a strategic and personalized approach to tax planning, working closely with our clients to identify tax-saving opportunities and minimize risks by designing strong and effective tax strategies aligned with their business objectives\u2014ensuring efficient tax management and positive outcomes.<\/p>\n<\/div><\/div><\/div><\/div><\/div><div class=\"vc_row wpb_row vc_row-fluid\"><div class=\"wpb_column vc_column_container vc_col-sm-12\"><div class=\"vc_column-inner\"><div class=\"wpb_wrapper\">\n\t<div class=\"wpb_text_column wpb_content_element\" >\n\t\t<div class=\"wpb_wrapper\">\n\t\t\t\n\t\t<\/div>\n\t<\/div>\n<\/div><\/div><\/div><\/div>\n<\/div>","protected":false},"excerpt":{"rendered":"Planificaci\u00f3n TributariaNuestro equipo de expertos en derecho tributario brinda asesoramiento detallado en la estructuraci\u00f3n de operaciones, an\u00e1lisis de incentivos fiscales, optimizaci\u00f3n de la estructura empresarial, entre otros aspectos clave. Ofrecemos un enfoque estrat\u00e9gico y personalizado en la planificaci\u00f3n tributaria, trabajando estrechamente con nuestros clientes para identificar oportunidades de ahorro fiscal y minimizar riesgos dise\u00f1ando estrategias [...]","protected":false},"author":1,"featured_media":1931,"parent":0,"menu_order":0,"comment_status":"closed","ping_status":"closed","template":"","meta":{"_acf_changed":false,"footnotes":""},"class_list":["post-1950","page","type-page","status-publish","has-post-thumbnail","hentry"],"acf":[],"_links":{"self":[{"href":"https:\/\/velasteguiabogados.com\/en\/wp-json\/wp\/v2\/pages\/1950"}],"collection":[{"href":"https:\/\/velasteguiabogados.com\/en\/wp-json\/wp\/v2\/pages"}],"about":[{"href":"https:\/\/velasteguiabogados.com\/en\/wp-json\/wp\/v2\/types\/page"}],"author":[{"embeddable":true,"href":"https:\/\/velasteguiabogados.com\/en\/wp-json\/wp\/v2\/users\/1"}],"replies":[{"embeddable":true,"href":"https:\/\/velasteguiabogados.com\/en\/wp-json\/wp\/v2\/comments?post=1950"}],"version-history":[{"count":0,"href":"https:\/\/velasteguiabogados.com\/en\/wp-json\/wp\/v2\/pages\/1950\/revisions"}],"wp:featuredmedia":[{"embeddable":true,"href":"https:\/\/velasteguiabogados.com\/en\/wp-json\/wp\/v2\/media\/1931"}],"wp:attachment":[{"href":"https:\/\/velasteguiabogados.com\/en\/wp-json\/wp\/v2\/media?parent=1950"}],"curies":[{"name":"wp","href":"https:\/\/api.w.org\/{rel}","templated":true}]}}