{"id":1944,"date":"2024-08-12T21:01:05","date_gmt":"2024-08-12T21:01:05","guid":{"rendered":"https:\/\/nuevo.velasteguiabogados.com\/?page_id=1944"},"modified":"2024-08-12T21:01:53","modified_gmt":"2024-08-12T21:01:53","slug":"derecho-penal-tributario","status":"publish","type":"page","link":"https:\/\/velasteguiabogados.com\/en\/derecho-penal-tributario\/","title":{"rendered":"Tax Criminal Law"},"content":{"rendered":"<div class=\"wpb-content-wrapper\"><div class=\"vc_row wpb_row vc_row-fluid\"><div class=\"wpb_column vc_column_container vc_col-sm-12\"><div class=\"vc_column-inner\"><div class=\"wpb_wrapper\">\n\t<div  class=\"wpb_single_image wpb_content_element vc_align_left wpb_content_element\">\n\t\t\n\t\t<figure class=\"wpb_wrapper vc_figure\">\n\t\t\t<div class=\"vc_single_image-wrapper   vc_box_border_grey\"><img loading=\"lazy\" decoding=\"async\" width=\"825\" height=\"550\" src=\"https:\/\/velasteguiabogados.com\/wp-content\/uploads\/2024\/08\/Foto-3.jpg\" class=\"vc_single_image-img attachment-full\" alt=\"\" title=\"Foto 3\" srcset=\"https:\/\/velasteguiabogados.com\/wp-content\/uploads\/2024\/08\/Foto-3.jpg 825w, https:\/\/velasteguiabogados.com\/wp-content\/uploads\/2024\/08\/Foto-3-300x200.jpg 300w, https:\/\/velasteguiabogados.com\/wp-content\/uploads\/2024\/08\/Foto-3-768x512.jpg 768w, https:\/\/velasteguiabogados.com\/wp-content\/uploads\/2024\/08\/Foto-3-500x333.jpg 500w, https:\/\/velasteguiabogados.com\/wp-content\/uploads\/2024\/08\/Foto-3-800x533.jpg 800w, https:\/\/velasteguiabogados.com\/wp-content\/uploads\/2024\/08\/Foto-3-48x32.jpg 48w, https:\/\/velasteguiabogados.com\/wp-content\/uploads\/2024\/08\/Foto-3-90x60.jpg 90w, https:\/\/velasteguiabogados.com\/wp-content\/uploads\/2024\/08\/Foto-3-150x100.jpg 150w, https:\/\/velasteguiabogados.com\/wp-content\/uploads\/2024\/08\/Foto-3-200x133.jpg 200w, https:\/\/velasteguiabogados.com\/wp-content\/uploads\/2024\/08\/Foto-3-400x267.jpg 400w, https:\/\/velasteguiabogados.com\/wp-content\/uploads\/2024\/08\/Foto-3-600x400.jpg 600w\" sizes=\"(max-width: 825px) 100vw, 825px\" \/><\/div>\n\t\t<\/figure>\n\t<\/div>\n<\/div><\/div><\/div><\/div><div class=\"vc_row wpb_row vc_row-fluid\"><div class=\"wpb_column vc_column_container vc_col-sm-12\"><div class=\"vc_column-inner\"><div class=\"wpb_wrapper\"><div class=\"vc_empty_space\"   style=\"height: 32px\"><span class=\"vc_empty_space_inner\"><\/span><\/div><\/div><\/div><\/div><\/div><div class=\"vc_row wpb_row vc_row-fluid\"><div class=\"wpb_column vc_column_container vc_col-sm-12\"><div class=\"vc_column-inner\"><div class=\"wpb_wrapper\"><div class=\"\"><p align=\"justify\">Our legal advisory team specialized in criminal tax law offers solid strategies to achieve successful outcomes in cases before the Office of the Attorney General and other judicial authorities in criminal matters. From the preliminary investigation stage, we work with determination to defend our clients\u2019 interests and ensure effective legal representation in this complex and crucial area.<\/p>\n<\/div><\/div><\/div><\/div><\/div>\n<\/div>","protected":false},"excerpt":{"rendered":"Nuestro equipo de asesor\u00eda jur\u00eddica especializada en derecho penal tributario ofrece s\u00f3lidas estrategias para lograr resultados exitosos en casos ante la Fiscal\u00eda General del Estado y otros \u00f3rganos de administraci\u00f3n de justicia en materia penal. Desde la etapa de investigaci\u00f3n previa, trabajamos con determinaci\u00f3n para defender los intereses de nuestros clientes y garantizar una representaci\u00f3n [...]","protected":false},"author":1,"featured_media":1931,"parent":0,"menu_order":0,"comment_status":"closed","ping_status":"closed","template":"","meta":{"_acf_changed":false,"footnotes":""},"class_list":["post-1944","page","type-page","status-publish","has-post-thumbnail","hentry"],"acf":[],"_links":{"self":[{"href":"https:\/\/velasteguiabogados.com\/en\/wp-json\/wp\/v2\/pages\/1944"}],"collection":[{"href":"https:\/\/velasteguiabogados.com\/en\/wp-json\/wp\/v2\/pages"}],"about":[{"href":"https:\/\/velasteguiabogados.com\/en\/wp-json\/wp\/v2\/types\/page"}],"author":[{"embeddable":true,"href":"https:\/\/velasteguiabogados.com\/en\/wp-json\/wp\/v2\/users\/1"}],"replies":[{"embeddable":true,"href":"https:\/\/velasteguiabogados.com\/en\/wp-json\/wp\/v2\/comments?post=1944"}],"version-history":[{"count":0,"href":"https:\/\/velasteguiabogados.com\/en\/wp-json\/wp\/v2\/pages\/1944\/revisions"}],"wp:featuredmedia":[{"embeddable":true,"href":"https:\/\/velasteguiabogados.com\/en\/wp-json\/wp\/v2\/media\/1931"}],"wp:attachment":[{"href":"https:\/\/velasteguiabogados.com\/en\/wp-json\/wp\/v2\/media?parent=1944"}],"curies":[{"name":"wp","href":"https:\/\/api.w.org\/{rel}","templated":true}]}}