{"id":1927,"date":"2024-08-12T20:45:20","date_gmt":"2024-08-12T20:45:20","guid":{"rendered":"https:\/\/nuevo.velasteguiabogados.com\/?page_id=1927"},"modified":"2024-08-12T20:48:53","modified_gmt":"2024-08-12T20:48:53","slug":"derecho-constitucional","status":"publish","type":"page","link":"https:\/\/velasteguiabogados.com\/en\/derecho-constitucional\/","title":{"rendered":"Constitutional Law"},"content":{"rendered":"<div class=\"wpb-content-wrapper\"><div class=\"vc_row wpb_row vc_row-fluid\"><div class=\"wpb_column vc_column_container vc_col-sm-12\"><div class=\"vc_column-inner\"><div class=\"wpb_wrapper\">\n\t<div  class=\"wpb_single_image wpb_content_element vc_align_center wpb_content_element\">\n\t\t\n\t\t<figure class=\"wpb_wrapper vc_figure\">\n\t\t\t<div class=\"vc_single_image-wrapper   vc_box_border_grey\"><img loading=\"lazy\" decoding=\"async\" width=\"825\" height=\"550\" src=\"https:\/\/velasteguiabogados.com\/wp-content\/uploads\/2024\/08\/Foto-1.jpg\" class=\"vc_single_image-img attachment-full\" alt=\"\" title=\"Foto 1\" srcset=\"https:\/\/velasteguiabogados.com\/wp-content\/uploads\/2024\/08\/Foto-1.jpg 825w, https:\/\/velasteguiabogados.com\/wp-content\/uploads\/2024\/08\/Foto-1-300x200.jpg 300w, https:\/\/velasteguiabogados.com\/wp-content\/uploads\/2024\/08\/Foto-1-768x512.jpg 768w, https:\/\/velasteguiabogados.com\/wp-content\/uploads\/2024\/08\/Foto-1-500x333.jpg 500w, https:\/\/velasteguiabogados.com\/wp-content\/uploads\/2024\/08\/Foto-1-800x533.jpg 800w, https:\/\/velasteguiabogados.com\/wp-content\/uploads\/2024\/08\/Foto-1-48x32.jpg 48w, https:\/\/velasteguiabogados.com\/wp-content\/uploads\/2024\/08\/Foto-1-90x60.jpg 90w, https:\/\/velasteguiabogados.com\/wp-content\/uploads\/2024\/08\/Foto-1-150x100.jpg 150w, https:\/\/velasteguiabogados.com\/wp-content\/uploads\/2024\/08\/Foto-1-200x133.jpg 200w, https:\/\/velasteguiabogados.com\/wp-content\/uploads\/2024\/08\/Foto-1-400x267.jpg 400w, https:\/\/velasteguiabogados.com\/wp-content\/uploads\/2024\/08\/Foto-1-600x400.jpg 600w\" sizes=\"(max-width: 825px) 100vw, 825px\" \/><\/div>\n\t\t<\/figure>\n\t<\/div>\n<\/div><\/div><\/div><\/div><div class=\"vc_row wpb_row vc_row-fluid\"><div class=\"wpb_column vc_column_container vc_col-sm-12\"><div class=\"vc_column-inner\"><div class=\"wpb_wrapper\"><h2 class='text-left'>Constitutional Law<\/h2><\/div><\/div><\/div><\/div><div class=\"vc_row wpb_row vc_row-fluid\"><div class=\"wpb_column vc_column_container vc_col-sm-12\"><div class=\"vc_column-inner\"><div class=\"wpb_wrapper\"><div class=\"vc_empty_space\"   style=\"height: 32px\"><span class=\"vc_empty_space_inner\"><\/span><\/div><div class=\"\"><p>We are dedicated to protecting constitutional rights. We offer legal advice and representation in protection actions, extraordinary protection actions, and legal challenges against regulations that violate these fundamental rights.<\/p>\n<\/div><\/div><\/div><\/div><\/div><div class=\"vc_row wpb_row vc_row-fluid\"><div class=\"wpb_column vc_column_container vc_col-sm-12\"><div class=\"vc_column-inner\"><div class=\"wpb_wrapper\"><\/div><\/div><\/div><\/div>\n<\/div>","protected":false},"excerpt":{"rendered":"Derecho ConstitucionalNos dedicamos a proteger los derechos constitucionales. Ofrecemos asesoramiento y patrocinio en acciones de protecci\u00f3n, acciones extraordinarias de protecci\u00f3n y desaf\u00edos legales contra las normativas que vulneren estos derechos\u00a0fundamentales.","protected":false},"author":1,"featured_media":1931,"parent":0,"menu_order":0,"comment_status":"closed","ping_status":"closed","template":"","meta":{"_acf_changed":false,"footnotes":""},"class_list":["post-1927","page","type-page","status-publish","has-post-thumbnail","hentry"],"acf":[],"_links":{"self":[{"href":"https:\/\/velasteguiabogados.com\/en\/wp-json\/wp\/v2\/pages\/1927"}],"collection":[{"href":"https:\/\/velasteguiabogados.com\/en\/wp-json\/wp\/v2\/pages"}],"about":[{"href":"https:\/\/velasteguiabogados.com\/en\/wp-json\/wp\/v2\/types\/page"}],"author":[{"embeddable":true,"href":"https:\/\/velasteguiabogados.com\/en\/wp-json\/wp\/v2\/users\/1"}],"replies":[{"embeddable":true,"href":"https:\/\/velasteguiabogados.com\/en\/wp-json\/wp\/v2\/comments?post=1927"}],"version-history":[{"count":0,"href":"https:\/\/velasteguiabogados.com\/en\/wp-json\/wp\/v2\/pages\/1927\/revisions"}],"wp:featuredmedia":[{"embeddable":true,"href":"https:\/\/velasteguiabogados.com\/en\/wp-json\/wp\/v2\/media\/1931"}],"wp:attachment":[{"href":"https:\/\/velasteguiabogados.com\/en\/wp-json\/wp\/v2\/media?parent=1927"}],"curies":[{"name":"wp","href":"https:\/\/api.w.org\/{rel}","templated":true}]}}