{"id":1475,"date":"2017-04-21T14:03:05","date_gmt":"2017-04-21T14:03:05","guid":{"rendered":"https:\/\/wp.nkdev.info\/khaki\/?page_id=1475"},"modified":"2025-06-25T15:51:32","modified_gmt":"2025-06-25T15:51:32","slug":"inicio","status":"publish","type":"page","link":"https:\/\/velasteguiabogados.com\/en\/","title":{"rendered":"Home"},"content":{"rendered":"<div class=\"wpb-content-wrapper\"><div class=\"vc_row wpb_row vc_row-fluid text-white vc_custom_1724269257444 vc_row-has-fill\"><div class=\"wpb_column vc_column_container vc_col-sm-12\"><div class=\"vc_column-inner\"><div class=\"wpb_wrapper\"><div role=\"tabpanel\" class=\"tab-pane fade active show\" id=\"tab--1493126419796-2\">\n                        <div class=\"nk-gap-1\"><\/div>\n                        <div class=\"vc_row wpb_row vc_inner vc_row-fluid vc_custom_1494228299734 vc_column-gap-35 vc_row-o-content-middle vc_row-flex\"><div class=\"wpb_column vc_column_container vc_col-sm-12 vc_col-md-7\"><div class=\"vc_column-inner\"><div class=\"wpb_wrapper\"><div class=\"nk-image-box\">\n                    \n                    <img decoding=\"async\" src=\"https:\/\/velasteguiabogados.com\/wp-content\/uploads\/2024\/09\/Foto-Dario-y-Alejandra-3.jpg\" alt=\"\" >\n                                      \n                <\/div><\/div><\/div><\/div><div class=\"wpb_column vc_column_container vc_col-sm-12 vc_col-md-5\"><div class=\"vc_column-inner\"><div class=\"wpb_wrapper\"><h2 class='nk-title h3 text-left'><\/p>\n<h1>Dr. Dar\u00edo Val\u00e1stegui Enr\u00edquez<\/h1>\n<p><\/h2><div class=\"vc_custom_1721661385346\"><p class=\"letter-spacing text-uppercase small secondary-color fame-introduce__sub-title\">Former Judge and Substitute Judge of the Specialized Chamber for Tax Disputes of the National Court of Justice of the Republic of Ecuador.<\/p>\n<p>&nbsp;<\/p>\n<blockquote>\n<p><em>\"My ethics, knowledge, experience, and loyalty will make me worthy of your trust.\"<\/em><\/p>\n<\/blockquote>\n<\/div><\/div><\/div><\/div><\/div>\n\n                        <div class=\"nk-gap-1\"><\/div>\n                    <\/div><\/div><\/div><\/div><\/div><div class=\"nk-awb  nk-awb-after-vc_row\" ><div class=\"nk-awb-wrap\" data-awb-type=\"color\" data-awb-stretch=\"true\" data-awb-image-background-size=\"cover\" data-awb-image-background-position=\"50% 50%\"><div class=\"nk-awb-overlay\" style=\"background-color: #262626;\"><\/div><div  class=\"nk-awb-inner\"><\/div><\/div><\/div><div class=\"vc_row wpb_row vc_row-fluid\"><div class=\"wpb_column vc_column_container vc_col-sm-4\"><div class=\"vc_column-inner\"><div class=\"wpb_wrapper\"><div class=\"nk-image-box-1\">\n                    <a  href=\"https:\/\/nuevo.velasteguiabogados.com\/derecho-constitucional\/\" title=\"Constitutional Law\" class=\"nk-image-box-link\"><\/a>\n                    <img decoding=\"async\" src=\"https:\/\/velasteguiabogados.com\/wp-content\/uploads\/2024\/08\/Derecho-Constitucional.jpg\" alt=\"\" >\n                                      \n                <\/div><div class=\"nk-image-box-1\">\n                    <a  href=\"https:\/\/nuevo.velasteguiabogados.com\/recursos-de-casacion\/\" title=\"Constitutional Law\" class=\"nk-image-box-link\"><\/a>\n                    <img decoding=\"async\" src=\"https:\/\/velasteguiabogados.com\/wp-content\/uploads\/2024\/09\/Recursos-de-Casacion.jpg\" alt=\"\" >\n                                      \n                <\/div><div class=\"nk-image-box-1\">\n                    <a  href=\"https:\/\/nuevo.velasteguiabogados.com\/derecho-penal-tributario\/\" title=\"Constitutional Law\" class=\"nk-image-box-link\"><\/a>\n                    <img decoding=\"async\" src=\"https:\/\/velasteguiabogados.com\/wp-content\/uploads\/2024\/09\/Derecho-Penal-Tributario.jpg\" alt=\"\" >\n                                      \n                <\/div><\/div><\/div><\/div><div class=\"nk-awb  nk-awb-after-vc_column\" ><div class=\"nk-awb-wrap\" data-awb-type=\"color\" data-awb-stretch=\"true\" data-awb-image-background-size=\"cover\" data-awb-image-background-position=\"50% 50%\"><div class=\"nk-awb-overlay\" style=\"background-color: #262626;\"><\/div><div  class=\"nk-awb-inner\"><\/div><\/div><\/div><div class=\"wpb_column vc_column_container vc_col-sm-4\"><div class=\"vc_column-inner\"><div class=\"wpb_wrapper\"><div class=\"nk-image-box-1\">\n                    <a  href=\"https:\/\/nuevo.velasteguiabogados.com\/derecho-tributario\/\" title=\"Municipal Tax Law\" class=\"nk-image-box-link\"><\/a>\n                    <img decoding=\"async\" src=\"https:\/\/velasteguiabogados.com\/wp-content\/uploads\/2024\/09\/Derecho-Tributario.jpg\" alt=\"\" >\n                                      \n                <\/div><div class=\"nk-image-box-1\">\n                    <a  href=\"https:\/\/nuevo.velasteguiabogados.com\/derecho-tributario-municipal\/\" title=\"Municipal Tax Law\" class=\"nk-image-box-link\"><\/a>\n                    <img decoding=\"async\" src=\"https:\/\/velasteguiabogados.com\/wp-content\/uploads\/2024\/09\/Derecho-Tributario-Municipal-2.jpg\" alt=\"\" >\n                                      \n                <\/div><div class=\"nk-image-box-1\">\n                    <a  href=\"https:\/\/nuevo.velasteguiabogados.com\/derecho-financiero-y-endeudamiento-publico\/\" title=\"Municipal Tax Law\" class=\"nk-image-box-link\"><\/a>\n                    <img decoding=\"async\" src=\"https:\/\/velasteguiabogados.com\/wp-content\/uploads\/2024\/09\/Derecho-Financiero-y-endeudamiento-publico.jpg\" alt=\"\" >\n                                      \n                <\/div><\/div><\/div><\/div><div class=\"nk-awb  nk-awb-after-vc_column\" ><div class=\"nk-awb-wrap\" data-awb-type=\"color\" data-awb-image-background-size=\"cover\" data-awb-image-background-position=\"50% 50%\"><div class=\"nk-awb-overlay\" style=\"background-color: #262626;\"><\/div><div  class=\"nk-awb-inner\"><\/div><\/div><\/div><div class=\"wpb_column vc_column_container vc_col-sm-4\"><div class=\"vc_column-inner\"><div class=\"wpb_wrapper\"><div class=\"nk-image-box-1\">\n                    <a  href=\"https:\/\/nuevo.velasteguiabogados.com\/derecho-administrativo\/\" title=\"Administrative Law\" class=\"nk-image-box-link\"><\/a>\n                    <img decoding=\"async\" src=\"https:\/\/velasteguiabogados.com\/wp-content\/uploads\/2024\/08\/Derecho-Administrativo-1.jpg\" alt=\"\" >\n                                      \n                <\/div><div class=\"nk-image-box-1\">\n                    <a  href=\"https:\/\/nuevo.velasteguiabogados.com\/planificacion-tributaria\/\" title=\"Administrative Law\" class=\"nk-image-box-link\"><\/a>\n                    <img decoding=\"async\" src=\"https:\/\/velasteguiabogados.com\/wp-content\/uploads\/2024\/09\/Planificacion-Tributaria.jpg\" alt=\"\" >\n                                      \n                <\/div><div class=\"nk-image-box-1\">\n                    <a  href=\"https:\/\/nuevo.velasteguiabogados.com\/derecho-corporativo\/\" title=\"Administrative Law\" class=\"nk-image-box-link\"><\/a>\n                    <img decoding=\"async\" src=\"https:\/\/velasteguiabogados.com\/wp-content\/uploads\/2024\/09\/Derecho-Corporativo-y-Empresarial.jpg\" alt=\"\" >\n                                      \n                <\/div><\/div><\/div><\/div><div class=\"nk-awb  nk-awb-after-vc_column\" ><div class=\"nk-awb-wrap\" data-awb-type=\"color\" data-awb-stretch=\"true\" data-awb-image-background-size=\"cover\" data-awb-image-background-position=\"50% 50%\"><div class=\"nk-awb-overlay\" style=\"background-color: #262626;\"><\/div><div  class=\"nk-awb-inner\"><\/div><\/div><\/div><\/div><div class=\"vc_row wpb_row vc_row-fluid vc_custom_1721660945364\"><div class=\"wpb_column vc_column_container vc_col-sm-12\"><div class=\"vc_column-inner\"><div class=\"wpb_wrapper\"><h2 class='h1 text-center nk-title mb-0 text-white'>We built fair finals. <span class=\"db hidden-sm-up\"><\/span><span class=\"nk-typed bg-white text-dark-1 pl-8 pr-8 pt-5 pb-5 m-5 d-inline-block\" data-cursor=\"|\"  data-back-delay=\"2000\" ><span>Justos<\/span><\/span> <span class=\"db hidden-sm-up\"><\/span><\/h2><\/div><\/div><\/div><\/div><div class=\"nk-awb  nk-awb-after-vc_row\" ><div class=\"nk-awb-wrap\" data-awb-type=\"image\" data-awb-stretch=\"true\" data-awb-image-background-size=\"cover\" data-awb-image-background-position=\"50% 50%\" data-awb-parallax=\"scroll\" data-awb-parallax-speed=\"0.8\" data-awb-parallax-mobile=\"false\" data-awb-mouse-parallax-size=\"30\" data-awb-mouse-parallax-speed=\"10000\"><div class=\"nk-awb-overlay\" style=\"background-color: rgba(28,28,28,0.9);\"><\/div><div  class=\"nk-awb-inner\"><img loading=\"lazy\" decoding=\"async\" width=\"1920\" height=\"1280\" src=\"https:\/\/velasteguiabogados.com\/wp-content\/uploads\/2024\/07\/Banner-1.jpg\" class=\"jarallax-img\" alt=\"\" style=\"object-position: 50% 50%;\" srcset=\"https:\/\/velasteguiabogados.com\/wp-content\/uploads\/2024\/07\/Banner-1.jpg 1920w, https:\/\/velasteguiabogados.com\/wp-content\/uploads\/2024\/07\/Banner-1-300x200.jpg 300w, https:\/\/velasteguiabogados.com\/wp-content\/uploads\/2024\/07\/Banner-1-1024x683.jpg 1024w, https:\/\/velasteguiabogados.com\/wp-content\/uploads\/2024\/07\/Banner-1-768x512.jpg 768w, https:\/\/velasteguiabogados.com\/wp-content\/uploads\/2024\/07\/Banner-1-1536x1024.jpg 1536w, https:\/\/velasteguiabogados.com\/wp-content\/uploads\/2024\/07\/Banner-1-500x333.jpg 500w, https:\/\/velasteguiabogados.com\/wp-content\/uploads\/2024\/07\/Banner-1-800x533.jpg 800w, https:\/\/velasteguiabogados.com\/wp-content\/uploads\/2024\/07\/Banner-1-1280x853.jpg 1280w, https:\/\/velasteguiabogados.com\/wp-content\/uploads\/2024\/07\/Banner-1-48x32.jpg 48w, https:\/\/velasteguiabogados.com\/wp-content\/uploads\/2024\/07\/Banner-1-90x60.jpg 90w, https:\/\/velasteguiabogados.com\/wp-content\/uploads\/2024\/07\/Banner-1-150x100.jpg 150w, https:\/\/velasteguiabogados.com\/wp-content\/uploads\/2024\/07\/Banner-1-200x133.jpg 200w, https:\/\/velasteguiabogados.com\/wp-content\/uploads\/2024\/07\/Banner-1-400x267.jpg 400w, https:\/\/velasteguiabogados.com\/wp-content\/uploads\/2024\/07\/Banner-1-600x400.jpg 600w, https:\/\/velasteguiabogados.com\/wp-content\/uploads\/2024\/07\/Banner-1-1400x933.jpg 1400w, https:\/\/velasteguiabogados.com\/wp-content\/uploads\/2024\/07\/Banner-1-1440x960.jpg 1440w, https:\/\/velasteguiabogados.com\/wp-content\/uploads\/2024\/07\/Banner-1-1600x1067.jpg 1600w\" sizes=\"(max-width: 1920px) 100vw, 1920px\" \/><\/div><\/div><\/div>\n<\/div>","protected":false},"excerpt":{"rendered":"Dr. Dar\u00edo Val\u00e1stegui Enr\u00edquez Ex Juez y Conjuez de la Sala Especializada de lo Contencioso Tributario de la Corte Nacional de Justicia de la Rep\u00fablica del Ecuador. &nbsp; \"Mi \u00e9tica, conocimiento, experiencia y lealtad me har\u00e1 merecedor de su confianza.\" Construimos finales Justos","protected":false},"author":1,"featured_media":2076,"parent":0,"menu_order":0,"comment_status":"closed","ping_status":"closed","template":"","meta":{"_acf_changed":false,"footnotes":""},"class_list":["post-1475","page","type-page","status-publish","has-post-thumbnail","hentry"],"acf":[],"_links":{"self":[{"href":"https:\/\/velasteguiabogados.com\/en\/wp-json\/wp\/v2\/pages\/1475"}],"collection":[{"href":"https:\/\/velasteguiabogados.com\/en\/wp-json\/wp\/v2\/pages"}],"about":[{"href":"https:\/\/velasteguiabogados.com\/en\/wp-json\/wp\/v2\/types\/page"}],"author":[{"embeddable":true,"href":"https:\/\/velasteguiabogados.com\/en\/wp-json\/wp\/v2\/users\/1"}],"replies":[{"embeddable":true,"href":"https:\/\/velasteguiabogados.com\/en\/wp-json\/wp\/v2\/comments?post=1475"}],"version-history":[{"count":0,"href":"https:\/\/velasteguiabogados.com\/en\/wp-json\/wp\/v2\/pages\/1475\/revisions"}],"wp:featuredmedia":[{"embeddable":true,"href":"https:\/\/velasteguiabogados.com\/en\/wp-json\/wp\/v2\/media\/2076"}],"wp:attachment":[{"href":"https:\/\/velasteguiabogados.com\/en\/wp-json\/wp\/v2\/media?parent=1475"}],"curies":[{"name":"wp","href":"https:\/\/api.w.org\/{rel}","templated":true}]}}