{"id":1214,"date":"2017-04-14T15:13:18","date_gmt":"2017-04-14T15:13:18","guid":{"rendered":"https:\/\/wp.nkdev.info\/khaki\/?page_id=1214"},"modified":"2024-09-16T23:28:17","modified_gmt":"2024-09-16T23:28:17","slug":"nosotros","status":"publish","type":"page","link":"https:\/\/velasteguiabogados.com\/en\/nosotros\/","title":{"rendered":"About Us"},"content":{"rendered":"<div class=\"wpb-content-wrapper\"><div class=\"vc_row wpb_row vc_row-fluid vc_custom_1493031014746 vc_row-o-content-middle vc_row-flex\"><div class=\"wpb_column vc_column_container vc_col-sm-6\"><div class=\"vc_column-inner\"><div class=\"wpb_wrapper\"><h2 class='nk-title text-left'>Who we are?<\/h2><div class=\"vc_empty_space\"   style=\"height: 32px\"><span class=\"vc_empty_space_inner\"><\/span><\/div><div class=\"\"><p style=\"text-align: justify;\">Vel\u00e1stegui Abogados VLegal CIA. LTDA. is a law firm with a team of attorneys specialized in tax, administrative, criminal tax, cassation, and constitutional matters. Our professionals are highly qualified to defend your interests, backed by the 20 years of experience of our founding partner.<\/p>\n<p style=\"text-align: justify;\">We also have experts and technicians in tax, accounting, and financial matters, as well as court-appointed experts accredited by the Judicial Council, specialized in tax issues, accounting, and the calculation of compensation (actual damages and loss of profits).<\/p>\n<\/div><\/div><\/div><\/div><div class=\"wpb_column vc_column_container vc_col-sm-6\"><div class=\"vc_column-inner\"><div class=\"wpb_wrapper\"><div class=\"nk-image-box\">\n                    \n                    <img decoding=\"async\" src=\"https:\/\/velasteguiabogados.com\/wp-content\/uploads\/2024\/09\/Foto-Dario-y-Alejandra-Nosotros-2.jpg\" alt=\"\" >\n                                      \n                <\/div><\/div><\/div><\/div><\/div>\n<\/div>","protected":false},"excerpt":{"rendered":"\u00bfQui\u00e9nes Somos?Vel\u00e1stegui Abogados VLegal CIA. LTDA., es una firma legal que cuenta con un staff de abogados especialistas en materias tributaria, administrativa, penal tributaria, casacional y constitucional, profesionales altamente capacitados para la defensa de sus intereses, apoyado en los 20 a\u00f1os de trayectoria de su socio fundador. Tambi\u00e9n contamos con expertos y t\u00e9cnicos en materia [...]","protected":false},"author":1,"featured_media":2095,"parent":0,"menu_order":0,"comment_status":"closed","ping_status":"closed","template":"","meta":{"_acf_changed":false,"footnotes":""},"class_list":["post-1214","page","type-page","status-publish","has-post-thumbnail","hentry"],"acf":[],"_links":{"self":[{"href":"https:\/\/velasteguiabogados.com\/en\/wp-json\/wp\/v2\/pages\/1214"}],"collection":[{"href":"https:\/\/velasteguiabogados.com\/en\/wp-json\/wp\/v2\/pages"}],"about":[{"href":"https:\/\/velasteguiabogados.com\/en\/wp-json\/wp\/v2\/types\/page"}],"author":[{"embeddable":true,"href":"https:\/\/velasteguiabogados.com\/en\/wp-json\/wp\/v2\/users\/1"}],"replies":[{"embeddable":true,"href":"https:\/\/velasteguiabogados.com\/en\/wp-json\/wp\/v2\/comments?post=1214"}],"version-history":[{"count":0,"href":"https:\/\/velasteguiabogados.com\/en\/wp-json\/wp\/v2\/pages\/1214\/revisions"}],"wp:featuredmedia":[{"embeddable":true,"href":"https:\/\/velasteguiabogados.com\/en\/wp-json\/wp\/v2\/media\/2095"}],"wp:attachment":[{"href":"https:\/\/velasteguiabogados.com\/en\/wp-json\/wp\/v2\/media?parent=1214"}],"curies":[{"name":"wp","href":"https:\/\/api.w.org\/{rel}","templated":true}]}}